{"id":1115,"date":"2018-11-27T09:16:54","date_gmt":"2018-11-27T09:16:54","guid":{"rendered":"http:\/\/vignobles-masse.com\/home\/"},"modified":"2018-11-27T09:16:54","modified_gmt":"2018-11-27T09:16:54","slug":"home-2","status":"publish","type":"page","link":"https:\/\/vignobles-masse.com\/en\/home-2\/","title":{"rendered":"Home"},"content":{"rendered":"<h1>The Mass\u00e9 Vineyards<\/h1>\n<h3>Saint Emilion - C\u00f4tes de Bordeaux - Bordeaux<\/h3>\n<h2>Three wineries, one family<\/h2>\n<h3>Ch\u00e2teau Queyssard - Domaine de Terrefort Bibonne - Ch\u00e2teau Lagrave<\/h3>\n<p>Les Vignobles Mass\u00e9: a family property that cultivates vines on several terroirs in the Bordeaux region.<\/p>\n<p>Through our website, I invite you to discover our different field<br \/>s, our philosophy and the wines we produce. <\/p>\n<p>Great visit. <br \/>Nicolas Mass\u00e9<\/p>\n<p>\t\t\t<a href=\"https:\/\/vignobles-masse.com\/en\/domaines\/\" role=\"button\"><br \/>\n\t\t\t\t\t\tOUR DOMAINS<br \/>\n\t\t\t\t\t<\/a><\/p>\n<h2>We welcome you to the property<\/h2>\n<p style=\"text-align: center;\" align=\"center\">It is in a setting on the edge of the vineyards that we welcome you to Ch\u00e2teau Queyssard. <\/p>\n<p>Our shop is open Monday to Saturday.<\/p>\n<p style=\"text-align: center;\" align=\"center\">You can also find our cottage at Ch\u00e2teau Lagrave in Saint-Emilion.<\/p>\n<p>\t\t\t<a href=\"#https:\/\/vignobles-masse.com\/oenotourisme\/\" role=\"button\"><br \/>\n\t\t\t\t\t\tMORE INFO<br \/>\n\t\t\t\t\t<\/a><br \/>\n\t\t<div class=\"wp-gr rpi wpac\" data-id=\"ChIJ4UxR2x0wVQ0Rc5MsCTCfKx0\" data-layout=\"list\" data-exec=\"false\" data-options='{&quot;text_size&quot;:&quot;120&quot;,&quot;trans&quot;:{&quot;read more&quot;:&quot;read more&quot;}}'><svg xmlns=\"http:\/\/www.w3.org\/2000\/svg\" style=\"display:none!important\"><symbol id=\"grw-tripadvisor\" viewbox=\"0 0 713.496 713.496\"><g><circle fill=\"#34E0A1\" cx=\"356.749\" cy=\"356.748\" r=\"356.748\"\/><path d=\"M577.095,287.152l43.049-46.836h-95.465c-47.792-32.646-105.51-51.659-167.931-51.659   c-62.342,0-119.899,19.054-167.612,51.659H93.432l43.049,46.836c-26.387,24.075-42.929,58.754-42.929,97.259   c0,72.665,58.914,131.578,131.579,131.578c34.519,0,65.968-13.313,89.446-35.077l42.172,45.919l42.172-45.879   c23.478,21.764,54.887,35.037,89.406,35.037c72.665,0,131.658-58.913,131.658-131.578   C620.024,345.866,603.483,311.188,577.095,287.152z M225.17,473.458c-49.188,0-89.047-39.859-89.047-89.047   s39.86-89.048,89.047-89.048c49.187,0,89.047,39.86,89.047,89.048S274.357,473.458,225.17,473.458z M356.788,381.82   c0-58.595-42.61-108.898-98.853-130.383c30.413-12.716,63.776-19.771,98.813-19.771s68.439,7.055,98.853,19.771   C399.399,272.962,356.788,323.226,356.788,381.82z M488.367,473.458c-49.188,0-89.048-39.859-89.048-89.047   s39.86-89.048,89.048-89.048s89.047,39.86,89.047,89.048S537.554,473.458,488.367,473.458z M488.367,337.694   c-25.79,0-46.677,20.887-46.677,46.677c0,25.789,20.887,46.676,46.677,46.676c25.789,0,46.676-20.887,46.676-46.676   C535.042,358.621,514.156,337.694,488.367,337.694z M271.846,384.411c0,25.789-20.887,46.676-46.676,46.676   s-46.676-20.887-46.676-46.676c0-25.79,20.887-46.677,46.676-46.677C250.959,337.694,271.846,358.621,271.846,384.411z\"\/><\/g><\/symbol><symbol id=\"grw-google\" viewbox=\"0 0 512 512\"><g fill=\"none\" fill-rule=\"evenodd\"><path d=\"M482.56 261.36c0-16.73-1.5-32.83-4.29-48.27H256v91.29h127.01c-5.47 29.5-22.1 54.49-47.09 71.23v59.21h76.27c44.63-41.09 70.37-101.59 70.37-173.46z\" fill=\"#4285f4\"\/><path d=\"M256 492c63.72 0 117.14-21.13 156.19-57.18l-76.27-59.21c-21.13 14.16-48.17 22.53-79.92 22.53-61.47 0-113.49-41.51-132.05-97.3H45.1v61.15c38.83 77.13 118.64 130.01 210.9 130.01z\" fill=\"#34a853\"\/><path d=\"M123.95 300.84c-4.72-14.16-7.4-29.29-7.4-44.84s2.68-30.68 7.4-44.84V150.01H45.1C29.12 181.87 20 217.92 20 256c0 38.08 9.12 74.13 25.1 105.99l78.85-61.15z\" fill=\"#fbbc05\"\/><path d=\"M256 113.86c34.65 0 65.76 11.91 90.22 35.29l67.69-67.69C373.03 43.39 319.61 20 256 20c-92.25 0-172.07 52.89-210.9 130.01l78.85 61.15c18.56-55.78 70.59-97.3 132.05-97.3z\" fill=\"#ea4335\"\/><path d=\"M20 20h472v472H20V20z\"\/><\/g><\/symbol><\/svg><div class=\"wp-google-list\"><div class=\"grw-header\"><div class=\"grw-header-inner rpi-flx rpi-row12\"><div class=\"grw-img-wrap\"><img loading=\"lazy\" decoding=\"async\" class=\"grw-img\" src=\"https:\/\/lh3.googleusercontent.com\/p\/AF1QipNh_Yz5DRW3bA1ALE5xCCsjLUMx2WxcyLbCMnrN=s1600-w300-h300\" alt=\"Vignobles Mass\u00e9 place picture\" width=\"50\" height=\"50\" onerror=\"if(this.src!='data:image\/gif;base64,R0lGODlhAQABAIAAAAAAAP\/\/\/yH5BAEAAAAALAAAAAABAAEAAAIBRAA7')this.src='data:image\/gif;base64,R0lGODlhAQABAIAAAAAAAP\/\/\/yH5BAEAAAAALAAAAAABAAEAAAIBRAA7';\" ><\/div><div class=\"rpi-flx rpi-col8\"><div class=\"wp-google-name\"><a href=\"https:\/\/maps.google.com\/?cid=2101948679759631219\" target=\"_blank\" rel=\"nofollow noopener\">Mass\u00e9 Vineyards<\/a><\/div><span class=\"rpi-stars\" style=\"--rating:4.3\">4.3<\/span><div class=\"wp-google-based\">Based on 11 reviews<\/div><div class=\"wp-google-powered\">powered by <span><span style=\"color:#3c6df0!important\">G<\/span><span style=\"color:#d93025!important\">o<\/span><span style=\"color:#fb8e28!important\">o<\/span><span style=\"color:#3c6df0!important\">g<\/span><span style=\"color:#188038!important\">L<\/span><span style=\"color:#d93025!important\">e<\/span><\/span><\/div><div class=\"wp-google-wr\"><a href=\"https:\/\/search.google.com\/local\/writereview?placeid=ChIJ4UxR2x0wVQ0Rc5MsCTCfKx0\" target=\"_blank\" rel=\"nofollow noopener\" onclick=\"return rplg_leave_review_window.call(this)\">review us on<svg height=\"16\" width=\"16\" role=\"none\"><use href=\"#grw-google\"><\/use><\/svg><\/a><\/div><\/div><\/div><\/div><div class=\"rpi-flx rpi-col16\"><div class=\"wp-google-review\"><div class=\"rpi-flx rpi-row12\"><div class=\"grw-img-wrap\"><img loading=\"lazy\" decoding=\"async\" class=\"grw-img\" src=\"https:\/\/lh6.ggpht.com\/-30MKfQ3VMlg\/AAAAAAAAAAI\/AAAAAAAAAAA\/oFBB0CKbYFk\/s128-c0x00000000-cc-rp-mo-ba5\/photo.jpg\" alt=\"Nathalie Bos profile picture\" width=\"50\" height=\"50\" onerror=\"if(this.src!='https:\/\/vignobles-masse.com\/wp-content\/plugins\/widget-google-reviews\/assets\/img\/guest.png')this.src='https:\/\/vignobles-masse.com\/wp-content\/plugins\/widget-google-reviews\/assets\/img\/guest.png';\" ><\/div><div class=\"rpi-flx rpi-col4\"><a href=\"https:\/\/www.google.com\/maps\/contrib\/117935838930406089018\/reviews\" class=\"wp-google-name\" target=\"_blank\" rel=\"nofollow noopener\">Nathalie Bos<\/a><div class=\"wp-google-time\" data-time=\"1558887688\">4:21 PM 26 May 19<\/div><div class=\"wp-google-feedback\"><span class=\"rpi-stars\" style=\"--rating:5\"><\/span><span class=\"wp-google-text\">A farmer&#039;s market and a meal very well organized in a very pleasant atmosphere and setting. Thank you !<\/span><\/div><\/div><\/div><\/div><div class=\"wp-google-review\"><div class=\"rpi-flx rpi-row12\"><div class=\"grw-img-wrap\"><img loading=\"lazy\" decoding=\"async\" class=\"grw-img\" src=\"https:\/\/lh4.ggpht.com\/-HvEoAL-vC3s\/AAAAAAAAAAI\/AAAAAAAAAAA\/9whkqcEl3fg\/s128-c0x00000000-cc-rp-mo-ba3\/photo.jpg\" alt=\"Chateau Tifayne profile picture\" width=\"50\" height=\"50\" onerror=\"if(this.src!='https:\/\/vignobles-masse.com\/wp-content\/plugins\/widget-google-reviews\/assets\/img\/guest.png')this.src='https:\/\/vignobles-masse.com\/wp-content\/plugins\/widget-google-reviews\/assets\/img\/guest.png';\" ><\/div><div class=\"rpi-flx rpi-col4\"><a href=\"https:\/\/www.google.com\/maps\/contrib\/101955069060782604765\/reviews\" class=\"wp-google-name\" target=\"_blank\" rel=\"nofollow noopener\">Chateau Tifayne<\/a><div class=\"wp-google-time\" data-time=\"1554482179\">16:36 05 Apr 19<\/div><div class=\"wp-google-feedback\"><span class=\"rpi-stars\" style=\"--rating:5\"><\/span><span class=\"wp-google-text\">Family property with a wide range of Bordeaux wines at very reasonable prices<\/span><\/div><\/div><\/div><\/div><div class=\"wp-google-review\"><div class=\"rpi-flx rpi-row12\"><div class=\"grw-img-wrap\"><img loading=\"lazy\" decoding=\"async\" class=\"grw-img\" src=\"https:\/\/lh4.ggpht.com\/-FmbN3RUK5-M\/AAAAAAAAAAI\/AAAAAAAAAAA\/D0eou4puius\/s128-c0x00000000-cc-rp-mo-ba4\/photo.jpg\" alt=\"Fran\u00e7ois Boursaud profile picture\" width=\"50\" height=\"50\" onerror=\"if(this.src!='https:\/\/vignobles-masse.com\/wp-content\/plugins\/widget-google-reviews\/assets\/img\/guest.png')this.src='https:\/\/vignobles-masse.com\/wp-content\/plugins\/widget-google-reviews\/assets\/img\/guest.png';\" ><\/div><div class=\"rpi-flx rpi-col4\"><a href=\"https:\/\/www.google.com\/maps\/contrib\/104197905744568498048\/reviews\" class=\"wp-google-name\" target=\"_blank\" rel=\"nofollow noopener\">Fran\u00e7ois Boursaud<\/a><div class=\"wp-google-time\" data-time=\"1548753508\">09:18 Jan 29, 19<\/div><div class=\"wp-google-feedback\"><span class=\"rpi-stars\" style=\"--rating:5\"><\/span><span class=\"wp-google-text\">First-rate operation, with very good wine, and excellent hospitality<\/span><\/div><\/div><\/div><\/div><div class=\"wp-google-review\"><div class=\"rpi-flx rpi-row12\"><div class=\"grw-img-wrap\"><img loading=\"lazy\" decoding=\"async\" class=\"grw-img\" src=\"https:\/\/lh6.ggpht.com\/-cKItcKJGc1k\/AAAAAAAAAAI\/AAAAAAAAAAA\/ciQxqMNudV4\/s128-c0x00000000-cc-rp-mo\/photo.jpg\" alt=\"Alain GUILLAUME profile picture\" width=\"50\" height=\"50\" onerror=\"if(this.src!='https:\/\/vignobles-masse.com\/wp-content\/plugins\/widget-google-reviews\/assets\/img\/guest.png')this.src='https:\/\/vignobles-masse.com\/wp-content\/plugins\/widget-google-reviews\/assets\/img\/guest.png';\" ><\/div><div class=\"rpi-flx rpi-col4\"><a href=\"https:\/\/www.google.com\/maps\/contrib\/100894516603338859084\/reviews\" class=\"wp-google-name\" target=\"_blank\" rel=\"nofollow noopener\">Alain GUILLAUME<\/a><div class=\"wp-google-time\" data-time=\"1537023276\">14:54 15 Sep 18<\/div><div class=\"wp-google-feedback\"><span class=\"rpi-stars\" style=\"--rating:5\"><\/span><span class=\"wp-google-text\">Always a pleasant and friendly welcome, of course very good wines, a wide variety of choices, you will surely find what you are looking for.<\/span><\/div><\/div><\/div><\/div><div class=\"wp-google-review\"><div class=\"rpi-flx rpi-row12\"><div class=\"grw-img-wrap\"><img loading=\"lazy\" decoding=\"async\" class=\"grw-img\" src=\"https:\/\/lh3.ggpht.com\/-cZiVEVyMntY\/AAAAAAAAAAI\/AAAAAAAAAAA\/6dt7D1Gk00c\/s128-c0x00000000-cc-rp-mo-ba4\/photo.jpg\" alt=\"gaetan bruchon profile picture\" width=\"50\" height=\"50\" onerror=\"if(this.src!='https:\/\/vignobles-masse.com\/wp-content\/plugins\/widget-google-reviews\/assets\/img\/guest.png')this.src='https:\/\/vignobles-masse.com\/wp-content\/plugins\/widget-google-reviews\/assets\/img\/guest.png';\" ><\/div><div class=\"rpi-flx rpi-col4\"><a href=\"https:\/\/www.google.com\/maps\/contrib\/108382056372820233743\/reviews\" class=\"wp-google-name\" target=\"_blank\" rel=\"nofollow noopener\">gaetan bruchon<\/a><div class=\"wp-google-time\" data-time=\"1527429324\">1:55 PM 27 May 18<\/div><div class=\"wp-google-feedback\"><span class=\"rpi-stars\" style=\"--rating:5\"><\/span><span class=\"wp-google-text\">Excellent wine, friendly and welcoming people. Don&#039;t hesitate to visit the estate directly to buy your bottles.<br \/>See you soon<\/span><\/div><\/div><\/div><\/div><div class=\"wp-google-review wp-google-hide\"><div class=\"rpi-flx rpi-row12\"><div class=\"grw-img-wrap\"><img loading=\"lazy\" decoding=\"async\" class=\"grw-img\" src=\"https:\/\/lh6.ggpht.com\/-xtcccopUbMA\/AAAAAAAAAAI\/AAAAAAAAAAA\/cFh1KwQ7UC0\/s128-c0x00000000-cc-rp-mo-ba3\/photo.jpg\" alt=\"jean elie Laurichesse profile picture\" width=\"50\" height=\"50\" onerror=\"if(this.src!='https:\/\/vignobles-masse.com\/wp-content\/plugins\/widget-google-reviews\/assets\/img\/guest.png')this.src='https:\/\/vignobles-masse.com\/wp-content\/plugins\/widget-google-reviews\/assets\/img\/guest.png';\" ><\/div><div class=\"rpi-flx rpi-col4\"><a href=\"https:\/\/www.google.com\/maps\/contrib\/104685515179206213078\/reviews\" class=\"wp-google-name\" target=\"_blank\" rel=\"nofollow noopener\">jean elie laurichesse<\/a><div class=\"wp-google-time\" data-time=\"1523268294\">10:04 09 Apr 18<\/div><div class=\"wp-google-feedback\"><span class=\"rpi-stars\" style=\"--rating:4\"><\/span><span class=\"wp-google-text\">Pompignac<\/span><\/div><\/div><\/div><\/div><\/div><a class=\"wp-google-url\" href=\"#\" onclick=\"return rplg_next_reviews.call(this, 'wp-google', 5);\">More reviews<\/a><\/div><\/div>\t\t<\/p>\n<h2>OPENING HOURS<\/h2>\n<p><b>Monday - Friday<br \/><\/b>9:00 \u2013 12:0<br \/>2:00 PM \u2013 6:00 PM<\/p>\n<p><b>Saturd<br \/><\/b>ay9: 00 - 12:<br \/>014:00 \u2013 17:00<\/p>\n<p><b>Sunday closed<\/b><\/p>\n<p>\t\t\t<iframe frameborder=\"0\" scrolling=\"no\" marginheight=\"0\" marginwidth=\"0\" src=\"https:\/\/maps.google.com\/maps?q=Ch%C3%A2teau%20Queyssard&amp;t=m&amp;z=11&amp;output=embed&amp;iwloc=near\" aria-label=\"Chateau Queyssard\"><\/iframe>\t\t<\/p>\n<h2>Follow<\/h2>\n<p>\t\t\t\t\t\t\t<a href=\"https:\/\/www.facebook.com\/VignoblesMasse\/photos\/a.631042106926113\/3163166147047017\/?type=3\" target=\"_blank\" rel=\"noopener noreferrer\"><br \/>\n\t\t\t\t\tFacebook<br \/>\n\t\t\t\t\t\t\t\t\t<\/a><br \/>\n\t\t\t\t\t\t\t<a href=\"https:\/\/www.instagram.com\/vignoblesmasse\/?hl=fr\" target=\"_blank\" rel=\"noopener noreferrer\"><br \/>\n\t\t\t\t\tInstagram<br \/>\n\t\t\t\t\t\t\t\t\t<\/a><br \/>\n\t\t\t\t\t\t\t\t\t\t<img decoding=\"async\" width=\"198\" height=\"57\" src=\"https:\/\/vignobles-masse.com\/wp-content\/uploads\/2020\/05\/logo-vectorise\u2560\u00fc.png\" alt=\"\" \/>\t\t\t\t\t\t\t\t\t\t\t<\/p>\n<p>17 Perigord AvenueC<br \/>Queyssard Castle <br \/>33370 POMPIGNAC<\/p>\n<p>(0) 5 57 34 11 38co<br \/>ntact@vignobles-masse.com<\/p>\n<p>\t\t\t\t\t\t\t\t\t\t<img decoding=\"async\" width=\"85\" height=\"85\" src=\"https:\/\/vignobles-masse.com\/wp-content\/uploads\/2020\/05\/hve_coul-2.png\" alt=\"\" \/><\/p>","protected":false},"excerpt":{"rendered":"<p>The Mass\u00e9 Vineyards Saint \u00c9milion &#8211; C\u00f4tes de Bordeaux &#8211; Bordeaux Three wineries, one family Ch\u00e2teau Queyssard &#8211; Domaine de Terrefort Bibonne &#8211; Ch\u00e2teau Lagrave Les Vignobles Mass\u00e9: a family property that cultivates vines on several terroirs in the Bordeaux region. Through our website, I invite you to discover our different fields, our philosophy and [&hellip;]<\/p>\n","protected":false},"author":1,"featured_media":0,"parent":0,"menu_order":0,"comment_status":"closed","ping_status":"closed","template":"","meta":{"_monsterinsights_skip_tracking":false,"_monsterinsights_sitenote_active":false,"_monsterinsights_sitenote_note":"","_monsterinsights_sitenote_category":0,"site-sidebar-layout":"default","site-content-layout":"","ast-site-content-layout":"default","site-content-style":"default","site-sidebar-style":"default","ast-global-header-display":"","ast-banner-title-visibility":"","ast-main-header-display":"","ast-hfb-above-header-display":"","ast-hfb-below-header-display":"","ast-hfb-mobile-header-display":"","site-post-title":"","ast-breadcrumbs-content":"","ast-featured-img":"","footer-sml-layout":"","ast-disable-related-posts":"","theme-transparent-header-meta":"","adv-header-id-meta":"","stick-header-meta":"","header-above-stick-meta":"","header-main-stick-meta":"","header-below-stick-meta":"","astra-migrate-meta-layouts":"default","ast-page-background-enabled":"default","ast-page-background-meta":{"desktop":{"background-color":"var(--ast-global-color-4)","background-image":"","background-repeat":"repeat","background-position":"center center","background-size":"auto","background-attachment":"scroll","background-type":"","background-media":"","overlay-type":"","overlay-color":"","overlay-opacity":"","overlay-gradient":""},"tablet":{"background-color":"","background-image":"","background-repeat":"repeat","background-position":"center center","background-size":"auto","background-attachment":"scroll","background-type":"","background-media":"","overlay-type":"","overlay-color":"","overlay-opacity":"","overlay-gradient":""},"mobile":{"background-color":"","background-image":"","background-repeat":"repeat","background-position":"center center","background-size":"auto","background-attachment":"scroll","background-type":"","background-media":"","overlay-type":"","overlay-color":"","overlay-opacity":"","overlay-gradient":""}},"ast-content-background-meta":{"desktop":{"background-color":"var(--ast-global-color-5)","background-image":"","background-repeat":"repeat","background-position":"center center","background-size":"auto","background-attachment":"scroll","background-type":"","background-media":"","overlay-type":"","overlay-color":"","overlay-opacity":"","overlay-gradient":""},"tablet":{"background-color":"var(--ast-global-color-5)","background-image":"","background-repeat":"repeat","background-position":"center center","background-size":"auto","background-attachment":"scroll","background-type":"","background-media":"","overlay-type":"","overlay-color":"","overlay-opacity":"","overlay-gradient":""},"mobile":{"background-color":"var(--ast-global-color-5)","background-image":"","background-repeat":"repeat","background-position":"center center","background-size":"auto","background-attachment":"scroll","background-type":"","background-media":"","overlay-type":"","overlay-color":"","overlay-opacity":"","overlay-gradient":""}},"footnotes":""},"class_list":["post-1115","page","type-page","status-publish","hentry"],"yoast_head":"<!-- This site is optimized with the Yoast SEO plugin v27.1.1 - https:\/\/yoast.com\/product\/yoast-seo-wordpress\/ -->\n<title>Home -<\/title>\n<meta name=\"robots\" content=\"index, follow, max-snippet:-1, max-image-preview:large, max-video-preview:-1\" \/>\n<link rel=\"canonical\" href=\"https:\/\/vignobles-masse.com\/en\/home-2\/\" \/>\n<meta property=\"og:locale\" content=\"en_GB\" \/>\n<meta property=\"og:type\" content=\"article\" \/>\n<meta property=\"og:title\" content=\"Home -\" \/>\n<meta property=\"og:description\" content=\"The Mass\u00e9 Vineyards Saint \u00c9milion &#8211; C\u00f4tes de Bordeaux &#8211; Bordeaux Three wineries, one family Ch\u00e2teau Queyssard &#8211; Domaine de Terrefort Bibonne &#8211; Ch\u00e2teau Lagrave Les Vignobles Mass\u00e9: a family property that cultivates vines on several terroirs in the Bordeaux region. Through our website, I invite you to discover our different fields, our philosophy and [&hellip;]\" \/>\n<meta property=\"og:url\" content=\"https:\/\/vignobles-masse.com\/en\/home-2\/\" \/>\n<meta property=\"og:image\" content=\"https:\/\/vignobles-masse.com\/wp-content\/uploads\/2020\/05\/hve_coul-2.png\" \/>\n<meta name=\"twitter:card\" content=\"summary_large_image\" \/>\n<meta name=\"twitter:label1\" content=\"Estimated reading time\" \/>\n\t<meta name=\"twitter:data1\" content=\"1 minute\" \/>\n<script type=\"application\/ld+json\" class=\"yoast-schema-graph\">{\"@context\":\"https:\/\/schema.org\",\"@graph\":[{\"@type\":\"WebPage\",\"@id\":\"https:\/\/vignobles-masse.com\/home-2\/\",\"url\":\"https:\/\/vignobles-masse.com\/home-2\/\",\"name\":\"Home -\",\"isPartOf\":{\"@id\":\"https:\/\/vignobles-masse.com\/#website\"},\"primaryImageOfPage\":{\"@id\":\"https:\/\/vignobles-masse.com\/home-2\/#primaryimage\"},\"image\":{\"@id\":\"https:\/\/vignobles-masse.com\/home-2\/#primaryimage\"},\"thumbnailUrl\":\"https:\/\/vignobles-masse.com\/wp-content\/uploads\/2020\/05\/hve_coul-2.png\",\"datePublished\":\"2018-11-27T09:16:54+00:00\",\"breadcrumb\":{\"@id\":\"https:\/\/vignobles-masse.com\/home-2\/#breadcrumb\"},\"inLanguage\":\"en-GB\",\"potentialAction\":[{\"@type\":\"ReadAction\",\"target\":[\"https:\/\/vignobles-masse.com\/home-2\/\"]}]},{\"@type\":\"ImageObject\",\"inLanguage\":\"en-GB\",\"@id\":\"https:\/\/vignobles-masse.com\/home-2\/#primaryimage\",\"url\":\"https:\/\/vignobles-masse.com\/wp-content\/uploads\/2020\/05\/hve_coul-2.png\",\"contentUrl\":\"https:\/\/vignobles-masse.com\/wp-content\/uploads\/2020\/05\/hve_coul-2.png\"},{\"@type\":\"BreadcrumbList\",\"@id\":\"https:\/\/vignobles-masse.com\/home-2\/#breadcrumb\",\"itemListElement\":[{\"@type\":\"ListItem\",\"position\":1,\"name\":\"Accueil\",\"item\":\"https:\/\/vignobles-masse.com\/\"},{\"@type\":\"ListItem\",\"position\":2,\"name\":\"Home\"}]},{\"@type\":\"WebSite\",\"@id\":\"https:\/\/vignobles-masse.com\/#website\",\"url\":\"https:\/\/vignobles-masse.com\/\",\"name\":\"\",\"description\":\"Vignobles Mass\u00e9, producteurs de vin de Bordeaux\",\"potentialAction\":[{\"@type\":\"SearchAction\",\"target\":{\"@type\":\"EntryPoint\",\"urlTemplate\":\"https:\/\/vignobles-masse.com\/?s={search_term_string}\"},\"query-input\":{\"@type\":\"PropertyValueSpecification\",\"valueRequired\":true,\"valueName\":\"search_term_string\"}}],\"inLanguage\":\"en-GB\"}]}<\/script>\n<!-- \/ Yoast SEO plugin. -->","yoast_head_json":{"title":"Home -","robots":{"index":"index","follow":"follow","max-snippet":"max-snippet:-1","max-image-preview":"max-image-preview:large","max-video-preview":"max-video-preview:-1"},"canonical":"https:\/\/vignobles-masse.com\/en\/home-2\/","og_locale":"en_GB","og_type":"article","og_title":"Home -","og_description":"The Mass\u00e9 Vineyards Saint \u00c9milion &#8211; C\u00f4tes de Bordeaux &#8211; Bordeaux Three wineries, one family Ch\u00e2teau Queyssard &#8211; Domaine de Terrefort Bibonne &#8211; Ch\u00e2teau Lagrave Les Vignobles Mass\u00e9: a family property that cultivates vines on several terroirs in the Bordeaux region. Through our website, I invite you to discover our different fields, our philosophy and [&hellip;]","og_url":"https:\/\/vignobles-masse.com\/en\/home-2\/","og_image":[{"url":"https:\/\/vignobles-masse.com\/wp-content\/uploads\/2020\/05\/hve_coul-2.png","type":"","width":"","height":""}],"twitter_card":"summary_large_image","twitter_misc":{"Estimated reading time":"1 minute"},"schema":{"@context":"https:\/\/schema.org","@graph":[{"@type":"WebPage","@id":"https:\/\/vignobles-masse.com\/home-2\/","url":"https:\/\/vignobles-masse.com\/home-2\/","name":"Home -","isPartOf":{"@id":"https:\/\/vignobles-masse.com\/#website"},"primaryImageOfPage":{"@id":"https:\/\/vignobles-masse.com\/home-2\/#primaryimage"},"image":{"@id":"https:\/\/vignobles-masse.com\/home-2\/#primaryimage"},"thumbnailUrl":"https:\/\/vignobles-masse.com\/wp-content\/uploads\/2020\/05\/hve_coul-2.png","datePublished":"2018-11-27T09:16:54+00:00","breadcrumb":{"@id":"https:\/\/vignobles-masse.com\/home-2\/#breadcrumb"},"inLanguage":"en-GB","potentialAction":[{"@type":"ReadAction","target":["https:\/\/vignobles-masse.com\/home-2\/"]}]},{"@type":"ImageObject","inLanguage":"en-GB","@id":"https:\/\/vignobles-masse.com\/home-2\/#primaryimage","url":"https:\/\/vignobles-masse.com\/wp-content\/uploads\/2020\/05\/hve_coul-2.png","contentUrl":"https:\/\/vignobles-masse.com\/wp-content\/uploads\/2020\/05\/hve_coul-2.png"},{"@type":"BreadcrumbList","@id":"https:\/\/vignobles-masse.com\/home-2\/#breadcrumb","itemListElement":[{"@type":"ListItem","position":1,"name":"Accueil","item":"https:\/\/vignobles-masse.com\/"},{"@type":"ListItem","position":2,"name":"Home"}]},{"@type":"WebSite","@id":"https:\/\/vignobles-masse.com\/#website","url":"https:\/\/vignobles-masse.com\/","name":"","description":"Vineyards Mass\u00e9, producers of Bordeaux wine","potentialAction":[{"@type":"SearchAction","target":{"@type":"EntryPoint","urlTemplate":"https:\/\/vignobles-masse.com\/?s={search_term_string}"},"query-input":{"@type":"PropertyValueSpecification","valueRequired":true,"valueName":"search_term_string"}}],"inLanguage":"en-GB"}]}},"_links":{"self":[{"href":"https:\/\/vignobles-masse.com\/en\/wp-json\/wp\/v2\/pages\/1115","targetHints":{"allow":["GET"]}}],"collection":[{"href":"https:\/\/vignobles-masse.com\/en\/wp-json\/wp\/v2\/pages"}],"about":[{"href":"https:\/\/vignobles-masse.com\/en\/wp-json\/wp\/v2\/types\/page"}],"author":[{"embeddable":true,"href":"https:\/\/vignobles-masse.com\/en\/wp-json\/wp\/v2\/users\/1"}],"replies":[{"embeddable":true,"href":"https:\/\/vignobles-masse.com\/en\/wp-json\/wp\/v2\/comments?post=1115"}],"version-history":[{"count":0,"href":"https:\/\/vignobles-masse.com\/en\/wp-json\/wp\/v2\/pages\/1115\/revisions"}],"wp:attachment":[{"href":"https:\/\/vignobles-masse.com\/en\/wp-json\/wp\/v2\/media?parent=1115"}],"curies":[{"name":"wp","href":"https:\/\/api.w.org\/{rel}","templated":true}]}}