{"id":490,"date":"2020-03-25T11:53:46","date_gmt":"2020-03-25T10:53:46","guid":{"rendered":"http:\/\/vignobles-masse.com\/?page_id=490"},"modified":"2020-05-11T11:34:26","modified_gmt":"2020-05-11T09:34:26","slug":"domaine-de-terrefort-bibonne","status":"publish","type":"page","link":"https:\/\/vignobles-masse.com\/en\/domaine-de-terrefort-bibonne\/","title":{"rendered":"Domaine de Terrefort Bibonne"},"content":{"rendered":"<div data-elementor-type=\"wp-page\" data-elementor-id=\"490\" class=\"elementor elementor-490\">\n\t\t\t\t\t\t<section class=\"elementor-section elementor-top-section elementor-element elementor-element-69abd5f elementor-section-full_width elementor-section-height-default elementor-section-height-default\" data-id=\"69abd5f\" data-element_type=\"section\" data-e-type=\"section\" data-settings=\"{&quot;background_background&quot;:&quot;classic&quot;}\">\n\t\t\t\t\t\t<div class=\"elementor-container elementor-column-gap-default\">\n\t\t\t\t\t<div class=\"elementor-column elementor-col-100 elementor-top-column elementor-element elementor-element-133bc6c\" data-id=\"133bc6c\" data-element_type=\"column\" data-e-type=\"column\">\n\t\t\t<div class=\"elementor-widget-wrap elementor-element-populated\">\n\t\t\t\t\t\t<div class=\"elementor-element elementor-element-c9bc157 elementor-widget elementor-widget-spacer\" data-id=\"c9bc157\" data-element_type=\"widget\" data-e-type=\"widget\" data-widget_type=\"spacer.default\">\n\t\t\t\t<div class=\"elementor-widget-container\">\n\t\t\t\t\t\t\t<div class=\"elementor-spacer\">\n\t\t\t<div class=\"elementor-spacer-inner\"><\/div>\n\t\t<\/div>\n\t\t\t\t\t\t<\/div>\n\t\t\t\t<\/div>\n\t\t\t\t\t<\/div>\n\t\t<\/div>\n\t\t\t\t\t<\/div>\n\t\t<\/section>\n\t\t\t\t<section class=\"elementor-section elementor-top-section elementor-element elementor-element-72e2274 elementor-section-boxed elementor-section-height-default elementor-section-height-default\" data-id=\"72e2274\" data-element_type=\"section\" data-e-type=\"section\" data-settings=\"{&quot;background_background&quot;:&quot;classic&quot;}\">\n\t\t\t\t\t\t<div class=\"elementor-container elementor-column-gap-default\">\n\t\t\t\t\t<div class=\"elementor-column elementor-col-100 elementor-top-column elementor-element elementor-element-493c04c\" data-id=\"493c04c\" data-element_type=\"column\" data-e-type=\"column\">\n\t\t\t<div class=\"elementor-widget-wrap elementor-element-populated\">\n\t\t\t\t\t\t<section class=\"elementor-section elementor-inner-section elementor-element elementor-element-208fce3 elementor-section-boxed elementor-section-height-default elementor-section-height-default\" data-id=\"208fce3\" data-element_type=\"section\" data-e-type=\"section\">\n\t\t\t\t\t\t<div class=\"elementor-container elementor-column-gap-default\">\n\t\t\t\t\t<div class=\"elementor-column elementor-col-33 elementor-inner-column elementor-element elementor-element-cfd2614\" data-id=\"cfd2614\" data-element_type=\"column\" data-e-type=\"column\">\n\t\t\t<div class=\"elementor-widget-wrap\">\n\t\t\t\t\t\t\t<\/div>\n\t\t<\/div>\n\t\t\t\t<div class=\"elementor-column elementor-col-33 elementor-inner-column elementor-element elementor-element-f350023\" data-id=\"f350023\" data-element_type=\"column\" data-e-type=\"column\">\n\t\t\t<div class=\"elementor-widget-wrap elementor-element-populated\">\n\t\t\t\t\t\t<div class=\"elementor-element elementor-element-ebeb4ef elementor-widget elementor-widget-image\" data-id=\"ebeb4ef\" data-element_type=\"widget\" data-e-type=\"widget\" data-widget_type=\"image.default\">\n\t\t\t\t<div class=\"elementor-widget-container\">\n\t\t\t\t\t\t\t\t\t\t\t\t\t\t\t<img fetchpriority=\"high\" decoding=\"async\" width=\"1024\" height=\"212\" src=\"https:\/\/vignobles-masse.com\/wp-content\/uploads\/2020\/04\/TYPO-TERREFORT-1-1024x212.png\" class=\"attachment-large size-large wp-image-619\" alt=\"Logo Domaine Terrefort Bibonne\" srcset=\"https:\/\/vignobles-masse.com\/wp-content\/uploads\/2020\/04\/TYPO-TERREFORT-1-1024x212.png 1024w, https:\/\/vignobles-masse.com\/wp-content\/uploads\/2020\/04\/TYPO-TERREFORT-1-300x62.png 300w, https:\/\/vignobles-masse.com\/wp-content\/uploads\/2020\/04\/TYPO-TERREFORT-1-768x159.png 768w, https:\/\/vignobles-masse.com\/wp-content\/uploads\/2020\/04\/TYPO-TERREFORT-1.png 1284w\" sizes=\"(max-width: 1024px) 100vw, 1024px\" \/>\t\t\t\t\t\t\t\t\t\t\t\t\t\t\t<\/div>\n\t\t\t\t<\/div>\n\t\t\t\t\t<\/div>\n\t\t<\/div>\n\t\t\t\t<div class=\"elementor-column elementor-col-33 elementor-inner-column elementor-element elementor-element-608dfab\" data-id=\"608dfab\" data-element_type=\"column\" data-e-type=\"column\">\n\t\t\t<div class=\"elementor-widget-wrap\">\n\t\t\t\t\t\t\t<\/div>\n\t\t<\/div>\n\t\t\t\t\t<\/div>\n\t\t<\/section>\n\t\t\t\t<div class=\"elementor-element elementor-element-f354035 elementor-widget-divider--view-line elementor-widget elementor-widget-divider\" data-id=\"f354035\" data-element_type=\"widget\" data-e-type=\"widget\" data-widget_type=\"divider.default\">\n\t\t\t\t<div class=\"elementor-widget-container\">\n\t\t\t\t\t\t\t<div class=\"elementor-divider\">\n\t\t\t<span class=\"elementor-divider-separator\">\n\t\t\t\t\t\t<\/span>\n\t\t<\/div>\n\t\t\t\t\t\t<\/div>\n\t\t\t\t<\/div>\n\t\t\t\t<div class=\"elementor-element elementor-element-49c60e2 elementor-widget elementor-widget-heading\" data-id=\"49c60e2\" data-element_type=\"widget\" data-e-type=\"widget\" data-widget_type=\"heading.default\">\n\t\t\t\t<div class=\"elementor-widget-container\">\n\t\t\t\t\t<h2 class=\"elementor-heading-title elementor-size-default\">C\u00f4tes de Bordeaux<\/h2>\t\t\t\t<\/div>\n\t\t\t\t<\/div>\n\t\t\t\t<div class=\"elementor-element elementor-element-fe58888 elementor-widget elementor-widget-text-editor\" data-id=\"fe58888\" data-element_type=\"widget\" data-e-type=\"widget\" data-widget_type=\"text-editor.default\">\n\t\t\t\t<div class=\"elementor-widget-container\">\n\t\t\t\t\t\t\t\t\t<p>The vineyard of Domaine de Terrefort Bibonne is now mainly located in the town of Sainte-Eulalie. It is planted on a clay-limestone soil, with some gravel present on the surface. <br \/><br \/>The grape varieties are mainly Merlot, but we also cultivate Cabernet Franc and Cabernet Sauvignon grapes to complete the blend.<br \/><br \/>Thanks to its capacity to moderate the supply of water to the vines, the soil of the estate allows us to obtain very late grape maturity, giving naturally concentrated colour, aromas and tannins.<\/p>\t\t\t\t\t\t\t\t<\/div>\n\t\t\t\t<\/div>\n\t\t\t\t<section class=\"elementor-section elementor-inner-section elementor-element elementor-element-d2b8a27 elementor-section-boxed elementor-section-height-default elementor-section-height-default\" data-id=\"d2b8a27\" data-element_type=\"section\" data-e-type=\"section\">\n\t\t\t\t\t\t<div class=\"elementor-container elementor-column-gap-default\">\n\t\t\t\t\t<div class=\"elementor-column elementor-col-50 elementor-inner-column elementor-element elementor-element-ce1d3cb\" data-id=\"ce1d3cb\" data-element_type=\"column\" data-e-type=\"column\">\n\t\t\t<div class=\"elementor-widget-wrap elementor-element-populated\">\n\t\t\t\t\t\t<div class=\"elementor-element elementor-element-c970da4 elementor-widget elementor-widget-image\" data-id=\"c970da4\" data-element_type=\"widget\" data-e-type=\"widget\" data-widget_type=\"image.default\">\n\t\t\t\t<div class=\"elementor-widget-container\">\n\t\t\t\t\t\t\t\t\t\t\t\t\t\t\t<img decoding=\"async\" width=\"150\" height=\"609\" src=\"https:\/\/vignobles-masse.com\/wp-content\/uploads\/2020\/04\/5-TERREFORT-HD.png\" class=\"attachment-large size-large wp-image-662\" alt=\"Domaine de Terrefort Bibonne\" srcset=\"https:\/\/vignobles-masse.com\/wp-content\/uploads\/2020\/04\/5-TERREFORT-HD.png 150w, https:\/\/vignobles-masse.com\/wp-content\/uploads\/2020\/04\/5-TERREFORT-HD-74x300.png 74w\" sizes=\"(max-width: 150px) 100vw, 150px\" \/>\t\t\t\t\t\t\t\t\t\t\t\t\t\t\t<\/div>\n\t\t\t\t<\/div>\n\t\t\t\t\t<\/div>\n\t\t<\/div>\n\t\t\t\t<div class=\"elementor-column elementor-col-50 elementor-inner-column elementor-element elementor-element-129b641\" data-id=\"129b641\" data-element_type=\"column\" data-e-type=\"column\">\n\t\t\t<div class=\"elementor-widget-wrap elementor-element-populated\">\n\t\t\t\t\t\t<div class=\"elementor-element elementor-element-b63f03a elementor-widget elementor-widget-heading\" data-id=\"b63f03a\" data-element_type=\"widget\" data-e-type=\"widget\" data-widget_type=\"heading.default\">\n\t\t\t\t<div class=\"elementor-widget-container\">\n\t\t\t\t\t<h2 class=\"elementor-heading-title elementor-size-default\">Domaine de Terrefort Bibonne<\/h2>\t\t\t\t<\/div>\n\t\t\t\t<\/div>\n\t\t\t\t<div class=\"elementor-element elementor-element-56324cf elementor-widget elementor-widget-heading\" data-id=\"56324cf\" data-element_type=\"widget\" data-e-type=\"widget\" data-widget_type=\"heading.default\">\n\t\t\t\t<div class=\"elementor-widget-container\">\n\t\t\t\t\t<h2 class=\"elementor-heading-title elementor-size-default\">C\u00f4tes de Bordeaux<\/h2>\t\t\t\t<\/div>\n\t\t\t\t<\/div>\n\t\t\t\t<div class=\"elementor-element elementor-element-db83307 elementor-widget elementor-widget-text-editor\" data-id=\"db83307\" data-element_type=\"widget\" data-e-type=\"widget\" data-widget_type=\"text-editor.default\">\n\t\t\t\t<div class=\"elementor-widget-container\">\n\t\t\t\t\t\t\t\t\t<p class=\"p1\"><b>GRAPES<\/b>\u00a0:<br \/>70% Merlot, 25% Cabernet Franc, 5% Cabernet Sauvignon<\/p><p>Special care is given to this vineyard, allowing the grapes to ripen in the best conditions. <br \/>Mechanical harvesting is carried out when the level of phenolic maturity is reached. The vinification then takes place in thermoregulated stainless steel tanks. <br \/>The maceration is spread over a period of 40 days during which daily pumping-over gives the potential of the grapes.<\/p><p>Intense purple colour, the aroma is very complex with black fruits and spices. The mouth is powerful and structured with fine, melted and admirably coated tannins.<\/p><p>Ideal with red meats, this wine can also accompany a cheese board or other more elaborate dishes.<\/p>\t\t\t\t\t\t\t\t<\/div>\n\t\t\t\t<\/div>\n\t\t\t\t\t<\/div>\n\t\t<\/div>\n\t\t\t\t\t<\/div>\n\t\t<\/section>\n\t\t\t\t<div class=\"elementor-element elementor-element-98db275 elementor-widget elementor-widget-spacer\" data-id=\"98db275\" data-element_type=\"widget\" data-e-type=\"widget\" data-widget_type=\"spacer.default\">\n\t\t\t\t<div class=\"elementor-widget-container\">\n\t\t\t\t\t\t\t<div class=\"elementor-spacer\">\n\t\t\t<div class=\"elementor-spacer-inner\"><\/div>\n\t\t<\/div>\n\t\t\t\t\t\t<\/div>\n\t\t\t\t<\/div>\n\t\t\t\t<div class=\"elementor-element elementor-element-e28c01c elementor-widget elementor-widget-gallery\" data-id=\"e28c01c\" data-element_type=\"widget\" data-e-type=\"widget\" data-widget_type=\"gallery.default\">\n\t\t\t\t<div class=\"elementor-widget-container\">\n\t\t\t\t\t \t\t\t\t<\/div>\n\t\t\t\t<\/div>\n\t\t\t\t<div class=\"elementor-element elementor-element-1751b8a elementor-widget elementor-widget-spacer\" data-id=\"1751b8a\" data-element_type=\"widget\" data-e-type=\"widget\" data-widget_type=\"spacer.default\">\n\t\t\t\t<div class=\"elementor-widget-container\">\n\t\t\t\t\t\t\t<div class=\"elementor-spacer\">\n\t\t\t<div class=\"elementor-spacer-inner\"><\/div>\n\t\t<\/div>\n\t\t\t\t\t\t<\/div>\n\t\t\t\t<\/div>\n\t\t\t\t\t<\/div>\n\t\t<\/div>\n\t\t\t\t\t<\/div>\n\t\t<\/section>\n\t\t\t\t<\/div>","protected":false},"excerpt":{"rendered":"<p>C\u00f4tes de Bordeaux Le vignoble du Domaine de Terrefort Bibonne se trouve \u00e0 pr\u00e9sent essentiellement sur la commune de Sainte-Eulalie, il est plant\u00e9 sur un sol argilo-calcaire, avec la pr\u00e9sence de graves en surface. L\u2019enc\u00e9pagement est domin\u00e9 par le Merlot, nous cultivons \u00e9galement les c\u00e9pages Cabernet Franc et Cabernet Sauvignon qui viennent compl\u00e9ter l\u2019assemblage. Grace [&hellip;]<\/p>\n","protected":false},"author":1,"featured_media":0,"parent":0,"menu_order":0,"comment_status":"closed","ping_status":"closed","template":"","meta":{"_monsterinsights_skip_tracking":false,"_monsterinsights_sitenote_active":false,"_monsterinsights_sitenote_note":"","_monsterinsights_sitenote_category":0,"site-sidebar-layout":"no-sidebar","site-content-layout":"page-builder","ast-site-content-layout":"default","site-content-style":"default","site-sidebar-style":"default","ast-global-header-display":"","ast-banner-title-visibility":"","ast-main-header-display":"","ast-hfb-above-header-display":"","ast-hfb-below-header-display":"","ast-hfb-mobile-header-display":"","site-post-title":"disabled","ast-breadcrumbs-content":"","ast-featured-img":"disabled","footer-sml-layout":"","ast-disable-related-posts":"","theme-transparent-header-meta":"default","adv-header-id-meta":"","stick-header-meta":"","header-above-stick-meta":"","header-main-stick-meta":"","header-below-stick-meta":"","astra-migrate-meta-layouts":"default","ast-page-background-enabled":"default","ast-page-background-meta":{"desktop":{"background-color":"var(--ast-global-color-4)","background-image":"","background-repeat":"repeat","background-position":"center center","background-size":"auto","background-attachment":"scroll","background-type":"","background-media":"","overlay-type":"","overlay-color":"","overlay-opacity":"","overlay-gradient":""},"tablet":{"background-color":"","background-image":"","background-repeat":"repeat","background-position":"center center","background-size":"auto","background-attachment":"scroll","background-type":"","background-media":"","overlay-type":"","overlay-color":"","overlay-opacity":"","overlay-gradient":""},"mobile":{"background-color":"","background-image":"","background-repeat":"repeat","background-position":"center center","background-size":"auto","background-attachment":"scroll","background-type":"","background-media":"","overlay-type":"","overlay-color":"","overlay-opacity":"","overlay-gradient":""}},"ast-content-background-meta":{"desktop":{"background-color":"var(--ast-global-color-5)","background-image":"","background-repeat":"repeat","background-position":"center center","background-size":"auto","background-attachment":"scroll","background-type":"","background-media":"","overlay-type":"","overlay-color":"","overlay-opacity":"","overlay-gradient":""},"tablet":{"background-color":"var(--ast-global-color-5)","background-image":"","background-repeat":"repeat","background-position":"center center","background-size":"auto","background-attachment":"scroll","background-type":"","background-media":"","overlay-type":"","overlay-color":"","overlay-opacity":"","overlay-gradient":""},"mobile":{"background-color":"var(--ast-global-color-5)","background-image":"","background-repeat":"repeat","background-position":"center center","background-size":"auto","background-attachment":"scroll","background-type":"","background-media":"","overlay-type":"","overlay-color":"","overlay-opacity":"","overlay-gradient":""}},"footnotes":""},"class_list":["post-490","page","type-page","status-publish","hentry"],"yoast_head":"<!-- This site is optimized with the Yoast SEO plugin v27.1.1 - https:\/\/yoast.com\/product\/yoast-seo-wordpress\/ -->\n<title>Domaine de Terrefort Bibonne -<\/title>\n<meta name=\"robots\" content=\"index, follow, max-snippet:-1, max-image-preview:large, max-video-preview:-1\" \/>\n<link rel=\"canonical\" href=\"https:\/\/vignobles-masse.com\/en\/domaine-de-terrefort-bibonne\/\" \/>\n<meta property=\"og:locale\" content=\"en_GB\" \/>\n<meta property=\"og:type\" content=\"article\" \/>\n<meta property=\"og:title\" content=\"Domaine de Terrefort Bibonne -\" \/>\n<meta property=\"og:description\" content=\"C\u00f4tes de Bordeaux Le vignoble du Domaine de Terrefort Bibonne se trouve \u00e0 pr\u00e9sent essentiellement sur la commune de Sainte-Eulalie, il est plant\u00e9 sur un sol argilo-calcaire, avec la pr\u00e9sence de graves en surface. L\u2019enc\u00e9pagement est domin\u00e9 par le Merlot, nous cultivons \u00e9galement les c\u00e9pages Cabernet Franc et Cabernet Sauvignon qui viennent compl\u00e9ter l\u2019assemblage. Grace [&hellip;]\" \/>\n<meta property=\"og:url\" content=\"https:\/\/vignobles-masse.com\/en\/domaine-de-terrefort-bibonne\/\" \/>\n<meta property=\"article:modified_time\" content=\"2020-05-11T09:34:26+00:00\" \/>\n<meta property=\"og:image\" content=\"https:\/\/vignobles-masse.com\/wp-content\/uploads\/2020\/04\/TYPO-TERREFORT-1-1024x212.png\" \/>\n<meta name=\"twitter:card\" content=\"summary_large_image\" \/>\n<meta name=\"twitter:label1\" content=\"Estimated reading time\" \/>\n\t<meta name=\"twitter:data1\" content=\"1 minute\" \/>\n<script type=\"application\/ld+json\" class=\"yoast-schema-graph\">{\"@context\":\"https:\/\/schema.org\",\"@graph\":[{\"@type\":\"WebPage\",\"@id\":\"https:\/\/vignobles-masse.com\/en\/domaine-de-terrefort-bibonne\/\",\"url\":\"https:\/\/vignobles-masse.com\/en\/domaine-de-terrefort-bibonne\/\",\"name\":\"Domaine de Terrefort Bibonne -\",\"isPartOf\":{\"@id\":\"https:\/\/vignobles-masse.com\/#website\"},\"primaryImageOfPage\":{\"@id\":\"https:\/\/vignobles-masse.com\/en\/domaine-de-terrefort-bibonne\/#primaryimage\"},\"image\":{\"@id\":\"https:\/\/vignobles-masse.com\/en\/domaine-de-terrefort-bibonne\/#primaryimage\"},\"thumbnailUrl\":\"https:\/\/vignobles-masse.com\/wp-content\/uploads\/2020\/04\/TYPO-TERREFORT-1-1024x212.png\",\"datePublished\":\"2020-03-25T10:53:46+00:00\",\"dateModified\":\"2020-05-11T09:34:26+00:00\",\"breadcrumb\":{\"@id\":\"https:\/\/vignobles-masse.com\/en\/domaine-de-terrefort-bibonne\/#breadcrumb\"},\"inLanguage\":\"en-GB\",\"potentialAction\":[{\"@type\":\"ReadAction\",\"target\":[\"https:\/\/vignobles-masse.com\/en\/domaine-de-terrefort-bibonne\/\"]}]},{\"@type\":\"ImageObject\",\"inLanguage\":\"en-GB\",\"@id\":\"https:\/\/vignobles-masse.com\/en\/domaine-de-terrefort-bibonne\/#primaryimage\",\"url\":\"https:\/\/vignobles-masse.com\/wp-content\/uploads\/2020\/04\/TYPO-TERREFORT-1-1024x212.png\",\"contentUrl\":\"https:\/\/vignobles-masse.com\/wp-content\/uploads\/2020\/04\/TYPO-TERREFORT-1-1024x212.png\"},{\"@type\":\"BreadcrumbList\",\"@id\":\"https:\/\/vignobles-masse.com\/en\/domaine-de-terrefort-bibonne\/#breadcrumb\",\"itemListElement\":[{\"@type\":\"ListItem\",\"position\":1,\"name\":\"Accueil\",\"item\":\"https:\/\/vignobles-masse.com\/\"},{\"@type\":\"ListItem\",\"position\":2,\"name\":\"Domaine de Terrefort Bibonne\"}]},{\"@type\":\"WebSite\",\"@id\":\"https:\/\/vignobles-masse.com\/#website\",\"url\":\"https:\/\/vignobles-masse.com\/\",\"name\":\"\",\"description\":\"Vignobles Mass\u00e9, producteurs de vin de Bordeaux\",\"potentialAction\":[{\"@type\":\"SearchAction\",\"target\":{\"@type\":\"EntryPoint\",\"urlTemplate\":\"https:\/\/vignobles-masse.com\/?s={search_term_string}\"},\"query-input\":{\"@type\":\"PropertyValueSpecification\",\"valueRequired\":true,\"valueName\":\"search_term_string\"}}],\"inLanguage\":\"en-GB\"}]}<\/script>\n<!-- \/ Yoast SEO plugin. -->","yoast_head_json":{"title":"Terrefort Bibonne Estate -","robots":{"index":"index","follow":"follow","max-snippet":"max-snippet:-1","max-image-preview":"max-image-preview:large","max-video-preview":"max-video-preview:-1"},"canonical":"https:\/\/vignobles-masse.com\/en\/domaine-de-terrefort-bibonne\/","og_locale":"en_GB","og_type":"article","og_title":"Domaine de Terrefort Bibonne -","og_description":"C\u00f4tes de Bordeaux Le vignoble du Domaine de Terrefort Bibonne se trouve \u00e0 pr\u00e9sent essentiellement sur la commune de Sainte-Eulalie, il est plant\u00e9 sur un sol argilo-calcaire, avec la pr\u00e9sence de graves en surface. L\u2019enc\u00e9pagement est domin\u00e9 par le Merlot, nous cultivons \u00e9galement les c\u00e9pages Cabernet Franc et Cabernet Sauvignon qui viennent compl\u00e9ter l\u2019assemblage. Grace [&hellip;]","og_url":"https:\/\/vignobles-masse.com\/en\/domaine-de-terrefort-bibonne\/","article_modified_time":"2020-05-11T09:34:26+00:00","og_image":[{"url":"https:\/\/vignobles-masse.com\/wp-content\/uploads\/2020\/04\/TYPO-TERREFORT-1-1024x212.png","type":"","width":"","height":""}],"twitter_card":"summary_large_image","twitter_misc":{"Estimated reading time":"1 minute"},"schema":{"@context":"https:\/\/schema.org","@graph":[{"@type":"WebPage","@id":"https:\/\/vignobles-masse.com\/en\/domaine-de-terrefort-bibonne\/","url":"https:\/\/vignobles-masse.com\/en\/domaine-de-terrefort-bibonne\/","name":"Terrefort Bibonne Estate -","isPartOf":{"@id":"https:\/\/vignobles-masse.com\/#website"},"primaryImageOfPage":{"@id":"https:\/\/vignobles-masse.com\/en\/domaine-de-terrefort-bibonne\/#primaryimage"},"image":{"@id":"https:\/\/vignobles-masse.com\/en\/domaine-de-terrefort-bibonne\/#primaryimage"},"thumbnailUrl":"https:\/\/vignobles-masse.com\/wp-content\/uploads\/2020\/04\/TYPO-TERREFORT-1-1024x212.png","datePublished":"2020-03-25T10:53:46+00:00","dateModified":"2020-05-11T09:34:26+00:00","breadcrumb":{"@id":"https:\/\/vignobles-masse.com\/en\/domaine-de-terrefort-bibonne\/#breadcrumb"},"inLanguage":"en-GB","potentialAction":[{"@type":"ReadAction","target":["https:\/\/vignobles-masse.com\/en\/domaine-de-terrefort-bibonne\/"]}]},{"@type":"ImageObject","inLanguage":"en-GB","@id":"https:\/\/vignobles-masse.com\/en\/domaine-de-terrefort-bibonne\/#primaryimage","url":"https:\/\/vignobles-masse.com\/wp-content\/uploads\/2020\/04\/TYPO-TERREFORT-1-1024x212.png","contentUrl":"https:\/\/vignobles-masse.com\/wp-content\/uploads\/2020\/04\/TYPO-TERREFORT-1-1024x212.png"},{"@type":"BreadcrumbList","@id":"https:\/\/vignobles-masse.com\/en\/domaine-de-terrefort-bibonne\/#breadcrumb","itemListElement":[{"@type":"ListItem","position":1,"name":"Accueil","item":"https:\/\/vignobles-masse.com\/"},{"@type":"ListItem","position":2,"name":"Domaine de Terrefort Bibonne"}]},{"@type":"WebSite","@id":"https:\/\/vignobles-masse.com\/#website","url":"https:\/\/vignobles-masse.com\/","name":"","description":"Vineyards Mass\u00e9, producers of Bordeaux wine","potentialAction":[{"@type":"SearchAction","target":{"@type":"EntryPoint","urlTemplate":"https:\/\/vignobles-masse.com\/?s={search_term_string}"},"query-input":{"@type":"PropertyValueSpecification","valueRequired":true,"valueName":"search_term_string"}}],"inLanguage":"en-GB"}]}},"_links":{"self":[{"href":"https:\/\/vignobles-masse.com\/en\/wp-json\/wp\/v2\/pages\/490","targetHints":{"allow":["GET"]}}],"collection":[{"href":"https:\/\/vignobles-masse.com\/en\/wp-json\/wp\/v2\/pages"}],"about":[{"href":"https:\/\/vignobles-masse.com\/en\/wp-json\/wp\/v2\/types\/page"}],"author":[{"embeddable":true,"href":"https:\/\/vignobles-masse.com\/en\/wp-json\/wp\/v2\/users\/1"}],"replies":[{"embeddable":true,"href":"https:\/\/vignobles-masse.com\/en\/wp-json\/wp\/v2\/comments?post=490"}],"version-history":[{"count":10,"href":"https:\/\/vignobles-masse.com\/en\/wp-json\/wp\/v2\/pages\/490\/revisions"}],"predecessor-version":[{"id":1061,"href":"https:\/\/vignobles-masse.com\/en\/wp-json\/wp\/v2\/pages\/490\/revisions\/1061"}],"wp:attachment":[{"href":"https:\/\/vignobles-masse.com\/en\/wp-json\/wp\/v2\/media?parent=490"}],"curies":[{"name":"wp","href":"https:\/\/api.w.org\/{rel}","templated":true}]}}