{"id":492,"date":"2020-03-25T11:54:03","date_gmt":"2020-03-25T10:54:03","guid":{"rendered":"http:\/\/vignobles-masse.com\/?page_id=492"},"modified":"2020-05-11T11:37:53","modified_gmt":"2020-05-11T09:37:53","slug":"chateau-lagrave","status":"publish","type":"page","link":"https:\/\/vignobles-masse.com\/en\/chateau-lagrave\/","title":{"rendered":"Chateau Lagrave"},"content":{"rendered":"<div data-elementor-type=\"wp-page\" data-elementor-id=\"492\" class=\"elementor elementor-492\">\n\t\t\t\t\t\t<section class=\"elementor-section elementor-top-section elementor-element elementor-element-5a67b1b elementor-section-boxed elementor-section-height-default elementor-section-height-default\" data-id=\"5a67b1b\" data-element_type=\"section\" data-e-type=\"section\" data-settings=\"{&quot;background_background&quot;:&quot;classic&quot;}\">\n\t\t\t\t\t\t<div class=\"elementor-container elementor-column-gap-wider\">\n\t\t\t\t\t<div class=\"elementor-column elementor-col-100 elementor-top-column elementor-element elementor-element-784e242\" data-id=\"784e242\" data-element_type=\"column\" data-e-type=\"column\">\n\t\t\t<div class=\"elementor-widget-wrap elementor-element-populated\">\n\t\t\t\t\t\t<div class=\"elementor-element elementor-element-d0db4c8 elementor-widget elementor-widget-spacer\" data-id=\"d0db4c8\" data-element_type=\"widget\" data-e-type=\"widget\" data-widget_type=\"spacer.default\">\n\t\t\t\t<div class=\"elementor-widget-container\">\n\t\t\t\t\t\t\t<div class=\"elementor-spacer\">\n\t\t\t<div class=\"elementor-spacer-inner\"><\/div>\n\t\t<\/div>\n\t\t\t\t\t\t<\/div>\n\t\t\t\t<\/div>\n\t\t\t\t\t<\/div>\n\t\t<\/div>\n\t\t\t\t\t<\/div>\n\t\t<\/section>\n\t\t\t\t<section class=\"elementor-section elementor-top-section elementor-element elementor-element-3a11e7a elementor-section-boxed elementor-section-height-default elementor-section-height-default\" data-id=\"3a11e7a\" data-element_type=\"section\" data-e-type=\"section\" data-settings=\"{&quot;background_background&quot;:&quot;classic&quot;}\">\n\t\t\t\t\t\t<div class=\"elementor-container elementor-column-gap-default\">\n\t\t\t\t\t<div class=\"elementor-column elementor-col-100 elementor-top-column elementor-element elementor-element-cc74878\" data-id=\"cc74878\" data-element_type=\"column\" data-e-type=\"column\">\n\t\t\t<div class=\"elementor-widget-wrap elementor-element-populated\">\n\t\t\t\t\t\t<section class=\"elementor-section elementor-inner-section elementor-element elementor-element-4277876 elementor-section-boxed elementor-section-height-default elementor-section-height-default\" data-id=\"4277876\" data-element_type=\"section\" data-e-type=\"section\">\n\t\t\t\t\t\t<div class=\"elementor-container elementor-column-gap-default\">\n\t\t\t\t\t<div class=\"elementor-column elementor-col-33 elementor-inner-column elementor-element elementor-element-6e29f7c\" data-id=\"6e29f7c\" data-element_type=\"column\" data-e-type=\"column\">\n\t\t\t<div class=\"elementor-widget-wrap\">\n\t\t\t\t\t\t\t<\/div>\n\t\t<\/div>\n\t\t\t\t<div class=\"elementor-column elementor-col-33 elementor-inner-column elementor-element elementor-element-bf1f532\" data-id=\"bf1f532\" data-element_type=\"column\" data-e-type=\"column\">\n\t\t\t<div class=\"elementor-widget-wrap elementor-element-populated\">\n\t\t\t\t\t\t<div class=\"elementor-element elementor-element-d2807a5 elementor-widget elementor-widget-image\" data-id=\"d2807a5\" data-element_type=\"widget\" data-e-type=\"widget\" data-widget_type=\"image.default\">\n\t\t\t\t<div class=\"elementor-widget-container\">\n\t\t\t\t\t\t\t\t\t\t\t\t\t\t\t<img fetchpriority=\"high\" decoding=\"async\" width=\"748\" height=\"236\" src=\"https:\/\/vignobles-masse.com\/wp-content\/uploads\/2020\/04\/Typo-LAGRAVE.png\" class=\"attachment-large size-large wp-image-617\" alt=\"Chateau Lagrave logo\" srcset=\"https:\/\/vignobles-masse.com\/wp-content\/uploads\/2020\/04\/Typo-LAGRAVE.png 748w, https:\/\/vignobles-masse.com\/wp-content\/uploads\/2020\/04\/Typo-LAGRAVE-300x95.png 300w\" sizes=\"(max-width: 748px) 100vw, 748px\" \/>\t\t\t\t\t\t\t\t\t\t\t\t\t\t\t<\/div>\n\t\t\t\t<\/div>\n\t\t\t\t\t<\/div>\n\t\t<\/div>\n\t\t\t\t<div class=\"elementor-column elementor-col-33 elementor-inner-column elementor-element elementor-element-42b8f72\" data-id=\"42b8f72\" data-element_type=\"column\" data-e-type=\"column\">\n\t\t\t<div class=\"elementor-widget-wrap\">\n\t\t\t\t\t\t\t<\/div>\n\t\t<\/div>\n\t\t\t\t\t<\/div>\n\t\t<\/section>\n\t\t\t\t<div class=\"elementor-element elementor-element-06aa30f elementor-widget-divider--view-line elementor-widget elementor-widget-divider\" data-id=\"06aa30f\" data-element_type=\"widget\" data-e-type=\"widget\" data-widget_type=\"divider.default\">\n\t\t\t\t<div class=\"elementor-widget-container\">\n\t\t\t\t\t\t\t<div class=\"elementor-divider\">\n\t\t\t<span class=\"elementor-divider-separator\">\n\t\t\t\t\t\t<\/span>\n\t\t<\/div>\n\t\t\t\t\t\t<\/div>\n\t\t\t\t<\/div>\n\t\t\t\t<div class=\"elementor-element elementor-element-e42a249 elementor-widget elementor-widget-heading\" data-id=\"e42a249\" data-element_type=\"widget\" data-e-type=\"widget\" data-widget_type=\"heading.default\">\n\t\t\t\t<div class=\"elementor-widget-container\">\n\t\t\t\t\t<h2 class=\"elementor-heading-title elementor-size-default\">Saint Emilion<\/h2>\t\t\t\t<\/div>\n\t\t\t\t<\/div>\n\t\t\t\t<div class=\"elementor-element elementor-element-9b674df elementor-widget elementor-widget-text-editor\" data-id=\"9b674df\" data-element_type=\"widget\" data-e-type=\"widget\" data-widget_type=\"text-editor.default\">\n\t\t\t\t<div class=\"elementor-widget-container\">\n\t\t\t\t\t\t\t\t\t<p>Several families have succeeded each other at Ch\u00e2teau Lagrave; since 2012, I manage the estate with my parents.<br \/><br \/>Ideally exposed between the famous village of Saint-Emilion and the Pomerol vineyard, Ch\u00e2teau Lagrave has 9 hectares of vines. <br \/>The terroir is distinguished by the complexity of its soils, the alternation of gravelly sands on the surface, clays and iron deposits in the sub-soil, give the wine a wide aromatic palette. The average age of the vines in the vineyard is 25 years.<br \/><br \/>The chosen cultivation method adapts perfectly to our quality requirements: <br \/>Short pruning, limited fertilizer supply, controlled grass cutting, debudding and leaf stripping are all guarantees of quality.<br \/>Since 2018, we renovated the estate house into a \u201cG\u00eete de France\u201d labeled g\u00eete. <br \/>With 3 bedrooms, it is available all year round for tourist rental.<\/p>\t\t\t\t\t\t\t\t<\/div>\n\t\t\t\t<\/div>\n\t\t\t\t<section class=\"elementor-section elementor-inner-section elementor-element elementor-element-143e7c0 elementor-section-boxed elementor-section-height-default elementor-section-height-default\" data-id=\"143e7c0\" data-element_type=\"section\" data-e-type=\"section\">\n\t\t\t\t\t\t<div class=\"elementor-container elementor-column-gap-default\">\n\t\t\t\t\t<div class=\"elementor-column elementor-col-50 elementor-inner-column elementor-element elementor-element-d5b13a4\" data-id=\"d5b13a4\" data-element_type=\"column\" data-e-type=\"column\">\n\t\t\t<div class=\"elementor-widget-wrap elementor-element-populated\">\n\t\t\t\t\t\t<div class=\"elementor-element elementor-element-be4bde3 elementor-widget elementor-widget-image\" data-id=\"be4bde3\" data-element_type=\"widget\" data-e-type=\"widget\" data-widget_type=\"image.default\">\n\t\t\t\t<div class=\"elementor-widget-container\">\n\t\t\t\t\t\t\t\t\t\t\t\t\t\t\t<img decoding=\"async\" width=\"150\" height=\"623\" src=\"https:\/\/vignobles-masse.com\/wp-content\/uploads\/2020\/04\/7-LAGRAVE-GC-HD.png\" class=\"attachment-large size-large wp-image-666\" alt=\"Bouteille de vin rouge - Ch\u00e2teau Lagrave - Sainte Emilion\" srcset=\"https:\/\/vignobles-masse.com\/wp-content\/uploads\/2020\/04\/7-LAGRAVE-GC-HD.png 150w, https:\/\/vignobles-masse.com\/wp-content\/uploads\/2020\/04\/7-LAGRAVE-GC-HD-72x300.png 72w\" sizes=\"(max-width: 150px) 100vw, 150px\" \/>\t\t\t\t\t\t\t\t\t\t\t\t\t\t\t<\/div>\n\t\t\t\t<\/div>\n\t\t\t\t\t<\/div>\n\t\t<\/div>\n\t\t\t\t<div class=\"elementor-column elementor-col-50 elementor-inner-column elementor-element elementor-element-716a4b6\" data-id=\"716a4b6\" data-element_type=\"column\" data-e-type=\"column\">\n\t\t\t<div class=\"elementor-widget-wrap elementor-element-populated\">\n\t\t\t\t\t\t<div class=\"elementor-element elementor-element-a82269b elementor-widget elementor-widget-heading\" data-id=\"a82269b\" data-element_type=\"widget\" data-e-type=\"widget\" data-widget_type=\"heading.default\">\n\t\t\t\t<div class=\"elementor-widget-container\">\n\t\t\t\t\t<h2 class=\"elementor-heading-title elementor-size-default\">CHATEAU LAGRAVE<br><i>Le premier<\/i><\/h2>\t\t\t\t<\/div>\n\t\t\t\t<\/div>\n\t\t\t\t<div class=\"elementor-element elementor-element-8811df5 elementor-widget elementor-widget-heading\" data-id=\"8811df5\" data-element_type=\"widget\" data-e-type=\"widget\" data-widget_type=\"heading.default\">\n\t\t\t\t<div class=\"elementor-widget-container\">\n\t\t\t\t\t<h2 class=\"elementor-heading-title elementor-size-default\">Saint-Emilion Grand Crus<\/h2>\t\t\t\t<\/div>\n\t\t\t\t<\/div>\n\t\t\t\t<div class=\"elementor-element elementor-element-57bf44e elementor-widget elementor-widget-text-editor\" data-id=\"57bf44e\" data-element_type=\"widget\" data-e-type=\"widget\" data-widget_type=\"text-editor.default\">\n\t\t\t\t<div class=\"elementor-widget-container\">\n\t\t\t\t\t\t\t\t\t<p class=\"p1\"><b>GRAPES:<br \/><\/b><span style=\"font-size: 16px;\">95% Merlot - 5% Cabernet Sauvignon<\/span><strong>\u00a0<\/strong><\/p><p>From a selection of plots, the vinification of our premier wine is entirely carried out in concrete vats. <br \/>The maceration lasts for about a month during which the alternation of pumping over, load shedding and punching down allows us to extract the maximum of the potential of the grapes. <br \/>This is followed by aging in French oak barrels of 225 litres and 400 litres with the aim to bring harmony, elegance and complexity.<\/p><p>Full-bodied with good length on the palate, the tannins are dense, silky and smooth. It is a wine for aging which should to be placed in a carafe, when drinking.<\/p>\t\t\t\t\t\t\t\t<\/div>\n\t\t\t\t<\/div>\n\t\t\t\t\t<\/div>\n\t\t<\/div>\n\t\t\t\t\t<\/div>\n\t\t<\/section>\n\t\t\t\t<div class=\"elementor-element elementor-element-0ef87dd elementor-widget elementor-widget-spacer\" data-id=\"0ef87dd\" data-element_type=\"widget\" data-e-type=\"widget\" data-widget_type=\"spacer.default\">\n\t\t\t\t<div class=\"elementor-widget-container\">\n\t\t\t\t\t\t\t<div class=\"elementor-spacer\">\n\t\t\t<div class=\"elementor-spacer-inner\"><\/div>\n\t\t<\/div>\n\t\t\t\t\t\t<\/div>\n\t\t\t\t<\/div>\n\t\t\t\t<section class=\"elementor-section elementor-inner-section elementor-element elementor-element-8399aa4 elementor-section-boxed elementor-section-height-default elementor-section-height-default\" data-id=\"8399aa4\" data-element_type=\"section\" data-e-type=\"section\">\n\t\t\t\t\t\t<div class=\"elementor-container elementor-column-gap-default\">\n\t\t\t\t\t<div class=\"elementor-column elementor-col-50 elementor-inner-column elementor-element elementor-element-a77eb2e\" data-id=\"a77eb2e\" data-element_type=\"column\" data-e-type=\"column\">\n\t\t\t<div class=\"elementor-widget-wrap elementor-element-populated\">\n\t\t\t\t\t\t<div class=\"elementor-element elementor-element-45df204 elementor-widget elementor-widget-heading\" data-id=\"45df204\" data-element_type=\"widget\" data-e-type=\"widget\" data-widget_type=\"heading.default\">\n\t\t\t\t<div class=\"elementor-widget-container\">\n\t\t\t\t\t<h2 class=\"elementor-heading-title elementor-size-default\">CHATEAU LAGRAVE<br><i>Le second<\/i><\/h2>\t\t\t\t<\/div>\n\t\t\t\t<\/div>\n\t\t\t\t<div class=\"elementor-element elementor-element-459f03f elementor-widget elementor-widget-heading\" data-id=\"459f03f\" data-element_type=\"widget\" data-e-type=\"widget\" data-widget_type=\"heading.default\">\n\t\t\t\t<div class=\"elementor-widget-container\">\n\t\t\t\t\t<h2 class=\"elementor-heading-title elementor-size-default\">Saint Emilion<\/h2>\t\t\t\t<\/div>\n\t\t\t\t<\/div>\n\t\t\t\t<div class=\"elementor-element elementor-element-96a1172 elementor-widget elementor-widget-text-editor\" data-id=\"96a1172\" data-element_type=\"widget\" data-e-type=\"widget\" data-widget_type=\"text-editor.default\">\n\t\t\t\t<div class=\"elementor-widget-container\">\n\t\t\t\t\t\t\t\t\t<p class=\"p1\"><b>GRAPES<\/b>&nbsp;:<br>90% Merlot, 8% Cabernet Franc, 2% Cabernet Sauvignon<\/p>\n<p>Second wine of the property, this cuv\u00e9e benefits from the same attention as le Premier. Harvested at maturity, the grapes are vinified in concrete vats using traditional winemaking methods. <br>Fermentation lasts for about 20-25 days, followed by aging which is divided half in vats and half in French oak barrels.<\/p>\n<p>The robe is dark garnet with purple reflections, the aroma is pleasant mixing ripe red and black fruits with a woody vanilla touch. <br>The mouth is supple, and generous, the aromas are expressed with a dominant of wood, without excess, this gives a complex and gourmet fruity wine.<\/p>\t\t\t\t\t\t\t\t<\/div>\n\t\t\t\t<\/div>\n\t\t\t\t\t<\/div>\n\t\t<\/div>\n\t\t\t\t<div class=\"elementor-column elementor-col-50 elementor-inner-column elementor-element elementor-element-f919498\" data-id=\"f919498\" data-element_type=\"column\" data-e-type=\"column\">\n\t\t\t<div class=\"elementor-widget-wrap elementor-element-populated\">\n\t\t\t\t\t\t<div class=\"elementor-element elementor-element-9ea61b7 elementor-widget elementor-widget-image\" data-id=\"9ea61b7\" data-element_type=\"widget\" data-e-type=\"widget\" data-widget_type=\"image.default\">\n\t\t\t\t<div class=\"elementor-widget-container\">\n\t\t\t\t\t\t\t\t\t\t\t\t\t\t\t<img decoding=\"async\" width=\"150\" height=\"606\" src=\"https:\/\/vignobles-masse.com\/wp-content\/uploads\/2020\/04\/6-LAGRAVE-SECOND-HD.png\" class=\"attachment-large size-large wp-image-667\" alt=\"Bouteille de vin rouge - Ch\u00e2teau Lagrave\" srcset=\"https:\/\/vignobles-masse.com\/wp-content\/uploads\/2020\/04\/6-LAGRAVE-SECOND-HD.png 150w, https:\/\/vignobles-masse.com\/wp-content\/uploads\/2020\/04\/6-LAGRAVE-SECOND-HD-74x300.png 74w\" sizes=\"(max-width: 150px) 100vw, 150px\" \/>\t\t\t\t\t\t\t\t\t\t\t\t\t\t\t<\/div>\n\t\t\t\t<\/div>\n\t\t\t\t\t<\/div>\n\t\t<\/div>\n\t\t\t\t\t<\/div>\n\t\t<\/section>\n\t\t\t\t\t<\/div>\n\t\t<\/div>\n\t\t\t\t\t<\/div>\n\t\t<\/section>\n\t\t\t\t<section class=\"elementor-section elementor-top-section elementor-element elementor-element-8942abd elementor-section-boxed elementor-section-height-default elementor-section-height-default\" data-id=\"8942abd\" data-element_type=\"section\" data-e-type=\"section\">\n\t\t\t\t\t\t<div class=\"elementor-container elementor-column-gap-default\">\n\t\t\t\t\t<div class=\"elementor-column elementor-col-100 elementor-top-column elementor-element elementor-element-ab3dece\" data-id=\"ab3dece\" data-element_type=\"column\" data-e-type=\"column\">\n\t\t\t<div class=\"elementor-widget-wrap elementor-element-populated\">\n\t\t\t\t\t\t<div class=\"elementor-element elementor-element-1ecdb2f elementor-widget elementor-widget-spacer\" data-id=\"1ecdb2f\" data-element_type=\"widget\" data-e-type=\"widget\" data-widget_type=\"spacer.default\">\n\t\t\t\t<div class=\"elementor-widget-container\">\n\t\t\t\t\t\t\t<div class=\"elementor-spacer\">\n\t\t\t<div class=\"elementor-spacer-inner\"><\/div>\n\t\t<\/div>\n\t\t\t\t\t\t<\/div>\n\t\t\t\t<\/div>\n\t\t\t\t<div class=\"elementor-element elementor-element-42ccb0c elementor-widget elementor-widget-gallery\" data-id=\"42ccb0c\" data-element_type=\"widget\" data-e-type=\"widget\" data-widget_type=\"gallery.default\">\n\t\t\t\t<div class=\"elementor-widget-container\">\n\t\t\t\t\t \t\t\t\t<\/div>\n\t\t\t\t<\/div>\n\t\t\t\t<div class=\"elementor-element elementor-element-3fedabc elementor-widget elementor-widget-spacer\" data-id=\"3fedabc\" data-element_type=\"widget\" data-e-type=\"widget\" data-widget_type=\"spacer.default\">\n\t\t\t\t<div class=\"elementor-widget-container\">\n\t\t\t\t\t\t\t<div class=\"elementor-spacer\">\n\t\t\t<div class=\"elementor-spacer-inner\"><\/div>\n\t\t<\/div>\n\t\t\t\t\t\t<\/div>\n\t\t\t\t<\/div>\n\t\t\t\t\t<\/div>\n\t\t<\/div>\n\t\t\t\t\t<\/div>\n\t\t<\/section>\n\t\t\t\t<\/div>","protected":false},"excerpt":{"rendered":"<p>Saint-\u00c9milion Plusieurs familles se sont succ\u00e9d\u00e9es \u00e0 la t\u00eate du Ch\u00e2teau Lagrave ; depuis 2012, je dirige le domaine avec mes parents. Id\u00e9alement expos\u00e9 entre le c\u00e9l\u00e8bre village de Saint-Emilion et le vignoble de Pomerol, le Ch\u00e2teau Lagrave compte 9 hectares de vigne d\u2019un seul tenant. Le terroir se distingue par la complexit\u00e9 de ses [&hellip;]<\/p>\n","protected":false},"author":1,"featured_media":0,"parent":0,"menu_order":0,"comment_status":"closed","ping_status":"closed","template":"","meta":{"_monsterinsights_skip_tracking":false,"_monsterinsights_sitenote_active":false,"_monsterinsights_sitenote_note":"","_monsterinsights_sitenote_category":0,"site-sidebar-layout":"no-sidebar","site-content-layout":"page-builder","ast-site-content-layout":"default","site-content-style":"default","site-sidebar-style":"default","ast-global-header-display":"","ast-banner-title-visibility":"","ast-main-header-display":"","ast-hfb-above-header-display":"","ast-hfb-below-header-display":"","ast-hfb-mobile-header-display":"","site-post-title":"disabled","ast-breadcrumbs-content":"","ast-featured-img":"disabled","footer-sml-layout":"","ast-disable-related-posts":"","theme-transparent-header-meta":"default","adv-header-id-meta":"","stick-header-meta":"","header-above-stick-meta":"","header-main-stick-meta":"","header-below-stick-meta":"","astra-migrate-meta-layouts":"default","ast-page-background-enabled":"default","ast-page-background-meta":{"desktop":{"background-color":"var(--ast-global-color-4)","background-image":"","background-repeat":"repeat","background-position":"center center","background-size":"auto","background-attachment":"scroll","background-type":"","background-media":"","overlay-type":"","overlay-color":"","overlay-opacity":"","overlay-gradient":""},"tablet":{"background-color":"","background-image":"","background-repeat":"repeat","background-position":"center center","background-size":"auto","background-attachment":"scroll","background-type":"","background-media":"","overlay-type":"","overlay-color":"","overlay-opacity":"","overlay-gradient":""},"mobile":{"background-color":"","background-image":"","background-repeat":"repeat","background-position":"center center","background-size":"auto","background-attachment":"scroll","background-type":"","background-media":"","overlay-type":"","overlay-color":"","overlay-opacity":"","overlay-gradient":""}},"ast-content-background-meta":{"desktop":{"background-color":"var(--ast-global-color-5)","background-image":"","background-repeat":"repeat","background-position":"center center","background-size":"auto","background-attachment":"scroll","background-type":"","background-media":"","overlay-type":"","overlay-color":"","overlay-opacity":"","overlay-gradient":""},"tablet":{"background-color":"var(--ast-global-color-5)","background-image":"","background-repeat":"repeat","background-position":"center center","background-size":"auto","background-attachment":"scroll","background-type":"","background-media":"","overlay-type":"","overlay-color":"","overlay-opacity":"","overlay-gradient":""},"mobile":{"background-color":"var(--ast-global-color-5)","background-image":"","background-repeat":"repeat","background-position":"center center","background-size":"auto","background-attachment":"scroll","background-type":"","background-media":"","overlay-type":"","overlay-color":"","overlay-opacity":"","overlay-gradient":""}},"footnotes":""},"class_list":["post-492","page","type-page","status-publish","hentry"],"yoast_head":"<!-- This site is optimized with the Yoast SEO plugin v27.1.1 - https:\/\/yoast.com\/product\/yoast-seo-wordpress\/ -->\n<title>Ch\u00e2teau Lagrave -<\/title>\n<meta name=\"robots\" content=\"index, follow, max-snippet:-1, max-image-preview:large, max-video-preview:-1\" \/>\n<link rel=\"canonical\" href=\"https:\/\/vignobles-masse.com\/en\/chateau-lagrave\/\" \/>\n<meta property=\"og:locale\" content=\"en_GB\" \/>\n<meta property=\"og:type\" content=\"article\" \/>\n<meta property=\"og:title\" content=\"Ch\u00e2teau Lagrave -\" \/>\n<meta property=\"og:description\" content=\"Saint-\u00c9milion Plusieurs familles se sont succ\u00e9d\u00e9es \u00e0 la t\u00eate du Ch\u00e2teau Lagrave ; depuis 2012, je dirige le domaine avec mes parents. Id\u00e9alement expos\u00e9 entre le c\u00e9l\u00e8bre village de Saint-Emilion et le vignoble de Pomerol, le Ch\u00e2teau Lagrave compte 9 hectares de vigne d\u2019un seul tenant. Le terroir se distingue par la complexit\u00e9 de ses [&hellip;]\" \/>\n<meta property=\"og:url\" content=\"https:\/\/vignobles-masse.com\/en\/chateau-lagrave\/\" \/>\n<meta property=\"article:modified_time\" content=\"2020-05-11T09:37:53+00:00\" \/>\n<meta property=\"og:image\" content=\"https:\/\/vignobles-masse.com\/wp-content\/uploads\/2020\/04\/Typo-LAGRAVE.png\" \/>\n<meta name=\"twitter:card\" content=\"summary_large_image\" \/>\n<meta name=\"twitter:label1\" content=\"Estimated reading time\" \/>\n\t<meta name=\"twitter:data1\" content=\"2 minutes\" \/>\n<script type=\"application\/ld+json\" class=\"yoast-schema-graph\">{\"@context\":\"https:\/\/schema.org\",\"@graph\":[{\"@type\":\"WebPage\",\"@id\":\"https:\/\/vignobles-masse.com\/chateau-lagrave\/\",\"url\":\"https:\/\/vignobles-masse.com\/chateau-lagrave\/\",\"name\":\"Ch\u00e2teau Lagrave -\",\"isPartOf\":{\"@id\":\"https:\/\/vignobles-masse.com\/#website\"},\"primaryImageOfPage\":{\"@id\":\"https:\/\/vignobles-masse.com\/chateau-lagrave\/#primaryimage\"},\"image\":{\"@id\":\"https:\/\/vignobles-masse.com\/chateau-lagrave\/#primaryimage\"},\"thumbnailUrl\":\"https:\/\/vignobles-masse.com\/wp-content\/uploads\/2020\/04\/Typo-LAGRAVE.png\",\"datePublished\":\"2020-03-25T10:54:03+00:00\",\"dateModified\":\"2020-05-11T09:37:53+00:00\",\"breadcrumb\":{\"@id\":\"https:\/\/vignobles-masse.com\/chateau-lagrave\/#breadcrumb\"},\"inLanguage\":\"en-GB\",\"potentialAction\":[{\"@type\":\"ReadAction\",\"target\":[\"https:\/\/vignobles-masse.com\/chateau-lagrave\/\"]}]},{\"@type\":\"ImageObject\",\"inLanguage\":\"en-GB\",\"@id\":\"https:\/\/vignobles-masse.com\/chateau-lagrave\/#primaryimage\",\"url\":\"https:\/\/vignobles-masse.com\/wp-content\/uploads\/2020\/04\/Typo-LAGRAVE.png\",\"contentUrl\":\"https:\/\/vignobles-masse.com\/wp-content\/uploads\/2020\/04\/Typo-LAGRAVE.png\"},{\"@type\":\"BreadcrumbList\",\"@id\":\"https:\/\/vignobles-masse.com\/chateau-lagrave\/#breadcrumb\",\"itemListElement\":[{\"@type\":\"ListItem\",\"position\":1,\"name\":\"Accueil\",\"item\":\"https:\/\/vignobles-masse.com\/\"},{\"@type\":\"ListItem\",\"position\":2,\"name\":\"Ch\u00e2teau Lagrave\"}]},{\"@type\":\"WebSite\",\"@id\":\"https:\/\/vignobles-masse.com\/#website\",\"url\":\"https:\/\/vignobles-masse.com\/\",\"name\":\"\",\"description\":\"Vignobles Mass\u00e9, producteurs de vin de Bordeaux\",\"potentialAction\":[{\"@type\":\"SearchAction\",\"target\":{\"@type\":\"EntryPoint\",\"urlTemplate\":\"https:\/\/vignobles-masse.com\/?s={search_term_string}\"},\"query-input\":{\"@type\":\"PropertyValueSpecification\",\"valueRequired\":true,\"valueName\":\"search_term_string\"}}],\"inLanguage\":\"en-GB\"}]}<\/script>\n<!-- \/ Yoast SEO plugin. -->","yoast_head_json":{"title":"Ch\u00e2teau Lagrave -","robots":{"index":"index","follow":"follow","max-snippet":"max-snippet:-1","max-image-preview":"max-image-preview:large","max-video-preview":"max-video-preview:-1"},"canonical":"https:\/\/vignobles-masse.com\/en\/chateau-lagrave\/","og_locale":"en_GB","og_type":"article","og_title":"Ch\u00e2teau Lagrave -","og_description":"Saint-\u00c9milion Plusieurs familles se sont succ\u00e9d\u00e9es \u00e0 la t\u00eate du Ch\u00e2teau Lagrave ; depuis 2012, je dirige le domaine avec mes parents. Id\u00e9alement expos\u00e9 entre le c\u00e9l\u00e8bre village de Saint-Emilion et le vignoble de Pomerol, le Ch\u00e2teau Lagrave compte 9 hectares de vigne d\u2019un seul tenant. Le terroir se distingue par la complexit\u00e9 de ses [&hellip;]","og_url":"https:\/\/vignobles-masse.com\/en\/chateau-lagrave\/","article_modified_time":"2020-05-11T09:37:53+00:00","og_image":[{"url":"https:\/\/vignobles-masse.com\/wp-content\/uploads\/2020\/04\/Typo-LAGRAVE.png","type":"","width":"","height":""}],"twitter_card":"summary_large_image","twitter_misc":{"Estimated reading time":"2 minutes"},"schema":{"@context":"https:\/\/schema.org","@graph":[{"@type":"WebPage","@id":"https:\/\/vignobles-masse.com\/chateau-lagrave\/","url":"https:\/\/vignobles-masse.com\/chateau-lagrave\/","name":"Ch\u00e2teau Lagrave -","isPartOf":{"@id":"https:\/\/vignobles-masse.com\/#website"},"primaryImageOfPage":{"@id":"https:\/\/vignobles-masse.com\/chateau-lagrave\/#primaryimage"},"image":{"@id":"https:\/\/vignobles-masse.com\/chateau-lagrave\/#primaryimage"},"thumbnailUrl":"https:\/\/vignobles-masse.com\/wp-content\/uploads\/2020\/04\/Typo-LAGRAVE.png","datePublished":"2020-03-25T10:54:03+00:00","dateModified":"2020-05-11T09:37:53+00:00","breadcrumb":{"@id":"https:\/\/vignobles-masse.com\/chateau-lagrave\/#breadcrumb"},"inLanguage":"en-GB","potentialAction":[{"@type":"ReadAction","target":["https:\/\/vignobles-masse.com\/chateau-lagrave\/"]}]},{"@type":"ImageObject","inLanguage":"en-GB","@id":"https:\/\/vignobles-masse.com\/chateau-lagrave\/#primaryimage","url":"https:\/\/vignobles-masse.com\/wp-content\/uploads\/2020\/04\/Typo-LAGRAVE.png","contentUrl":"https:\/\/vignobles-masse.com\/wp-content\/uploads\/2020\/04\/Typo-LAGRAVE.png"},{"@type":"BreadcrumbList","@id":"https:\/\/vignobles-masse.com\/chateau-lagrave\/#breadcrumb","itemListElement":[{"@type":"ListItem","position":1,"name":"Accueil","item":"https:\/\/vignobles-masse.com\/"},{"@type":"ListItem","position":2,"name":"Ch\u00e2teau Lagrave"}]},{"@type":"WebSite","@id":"https:\/\/vignobles-masse.com\/#website","url":"https:\/\/vignobles-masse.com\/","name":"","description":"Vineyards Mass\u00e9, producers of Bordeaux wine","potentialAction":[{"@type":"SearchAction","target":{"@type":"EntryPoint","urlTemplate":"https:\/\/vignobles-masse.com\/?s={search_term_string}"},"query-input":{"@type":"PropertyValueSpecification","valueRequired":true,"valueName":"search_term_string"}}],"inLanguage":"en-GB"}]}},"_links":{"self":[{"href":"https:\/\/vignobles-masse.com\/en\/wp-json\/wp\/v2\/pages\/492","targetHints":{"allow":["GET"]}}],"collection":[{"href":"https:\/\/vignobles-masse.com\/en\/wp-json\/wp\/v2\/pages"}],"about":[{"href":"https:\/\/vignobles-masse.com\/en\/wp-json\/wp\/v2\/types\/page"}],"author":[{"embeddable":true,"href":"https:\/\/vignobles-masse.com\/en\/wp-json\/wp\/v2\/users\/1"}],"replies":[{"embeddable":true,"href":"https:\/\/vignobles-masse.com\/en\/wp-json\/wp\/v2\/comments?post=492"}],"version-history":[{"count":27,"href":"https:\/\/vignobles-masse.com\/en\/wp-json\/wp\/v2\/pages\/492\/revisions"}],"predecessor-version":[{"id":1175,"href":"https:\/\/vignobles-masse.com\/en\/wp-json\/wp\/v2\/pages\/492\/revisions\/1175"}],"wp:attachment":[{"href":"https:\/\/vignobles-masse.com\/en\/wp-json\/wp\/v2\/media?parent=492"}],"curies":[{"name":"wp","href":"https:\/\/api.w.org\/{rel}","templated":true}]}}