{"id":66,"date":"2018-11-27T09:17:42","date_gmt":"2018-11-27T09:17:42","guid":{"rendered":"http:\/\/vignobles-masse.com\/projects-2\/"},"modified":"2020-05-19T12:15:19","modified_gmt":"2020-05-19T10:15:19","slug":"engagements","status":"publish","type":"page","link":"https:\/\/vignobles-masse.com\/en\/engagements\/","title":{"rendered":"Commitments"},"content":{"rendered":"<div data-elementor-type=\"wp-post\" data-elementor-id=\"66\" class=\"elementor elementor-66\">\n\t\t\t\t\t\t<section class=\"elementor-section elementor-top-section elementor-element elementor-element-7ac9ca5 elementor-section-boxed elementor-section-height-default elementor-section-height-default\" data-id=\"7ac9ca5\" data-element_type=\"section\" data-e-type=\"section\" data-settings=\"{&quot;background_background&quot;:&quot;classic&quot;}\">\n\t\t\t\t\t\t\t<div class=\"elementor-background-overlay\"><\/div>\n\t\t\t\t\t\t\t<div class=\"elementor-container elementor-column-gap-default\">\n\t\t\t\t\t<div class=\"elementor-column elementor-col-100 elementor-top-column elementor-element elementor-element-b940adb\" data-id=\"b940adb\" data-element_type=\"column\" data-e-type=\"column\">\n\t\t\t<div class=\"elementor-widget-wrap elementor-element-populated\">\n\t\t\t\t\t\t<div class=\"elementor-element elementor-element-9d49407 elementor-widget elementor-widget-spacer\" data-id=\"9d49407\" data-element_type=\"widget\" data-e-type=\"widget\" data-widget_type=\"spacer.default\">\n\t\t\t\t<div class=\"elementor-widget-container\">\n\t\t\t\t\t\t\t<div class=\"elementor-spacer\">\n\t\t\t<div class=\"elementor-spacer-inner\"><\/div>\n\t\t<\/div>\n\t\t\t\t\t\t<\/div>\n\t\t\t\t<\/div>\n\t\t\t\t\t<\/div>\n\t\t<\/div>\n\t\t\t\t\t<\/div>\n\t\t<\/section>\n\t\t\t\t<section class=\"elementor-section elementor-top-section elementor-element elementor-element-8262e30 elementor-section-content-middle elementor-section-boxed elementor-section-height-default elementor-section-height-default\" data-id=\"8262e30\" data-element_type=\"section\" data-e-type=\"section\" data-settings=\"{&quot;background_background&quot;:&quot;classic&quot;}\">\n\t\t\t\t\t\t\t<div class=\"elementor-background-overlay\"><\/div>\n\t\t\t\t\t\t\t<div class=\"elementor-container elementor-column-gap-no\">\n\t\t\t\t\t<div class=\"elementor-column elementor-col-100 elementor-top-column elementor-element elementor-element-da6ae65\" data-id=\"da6ae65\" data-element_type=\"column\" data-e-type=\"column\">\n\t\t\t<div class=\"elementor-widget-wrap elementor-element-populated\">\n\t\t\t\t\t\t<div class=\"elementor-element elementor-element-7f0ca1b elementor-widget elementor-widget-heading\" data-id=\"7f0ca1b\" data-element_type=\"widget\" data-e-type=\"widget\" data-widget_type=\"heading.default\">\n\t\t\t\t<div class=\"elementor-widget-container\">\n\t\t\t\t\t<h2 class=\"elementor-heading-title elementor-size-default\">Commitment, respect for the environment<\/h2>\t\t\t\t<\/div>\n\t\t\t\t<\/div>\n\t\t\t\t<div class=\"elementor-element elementor-element-a4513dc elementor-widget elementor-widget-heading\" data-id=\"a4513dc\" data-element_type=\"widget\" data-e-type=\"widget\" data-widget_type=\"heading.default\">\n\t\t\t\t<div class=\"elementor-widget-container\">\n\t\t\t\t\t<h2 class=\"elementor-heading-title elementor-size-default\">Make the environment an axis of development<\/h2>\t\t\t\t<\/div>\n\t\t\t\t<\/div>\n\t\t\t\t<div class=\"elementor-element elementor-element-35bb384 elementor-widget elementor-widget-spacer\" data-id=\"35bb384\" data-element_type=\"widget\" data-e-type=\"widget\" data-widget_type=\"spacer.default\">\n\t\t\t\t<div class=\"elementor-widget-container\">\n\t\t\t\t\t\t\t<div class=\"elementor-spacer\">\n\t\t\t<div class=\"elementor-spacer-inner\"><\/div>\n\t\t<\/div>\n\t\t\t\t\t\t<\/div>\n\t\t\t\t<\/div>\n\t\t\t\t<div class=\"elementor-element elementor-element-dc11ff2 elementor-widget elementor-widget-text-editor\" data-id=\"dc11ff2\" data-element_type=\"widget\" data-e-type=\"widget\" data-widget_type=\"text-editor.default\">\n\t\t\t\t<div class=\"elementor-widget-container\">\n\t\t\t\t\t\t\t\t\t<p>Since 2010, we have been part of the network <b>DEPHY FARM<\/b>. <br \/>Created following the \u201cGrenelle of the environment\u201d, this network includes more than 3000 farms (wine and field crops) engaged in a process of reducing the use of phytosanitary products.\u00a0<\/p><p>Our goal is to study, implement and evaluate innovative methods allowing us to greatly reduce our footprint on the environment while maintaining an economically and socially efficient operation.<\/p>\t\t\t\t\t\t\t\t<\/div>\n\t\t\t\t<\/div>\n\t\t\t\t<section class=\"elementor-section elementor-inner-section elementor-element elementor-element-d885f83 elementor-section-boxed elementor-section-height-default elementor-section-height-default\" data-id=\"d885f83\" data-element_type=\"section\" data-e-type=\"section\">\n\t\t\t\t\t\t<div class=\"elementor-container elementor-column-gap-default\">\n\t\t\t\t\t<div class=\"elementor-column elementor-col-33 elementor-inner-column elementor-element elementor-element-0ab3d21\" data-id=\"0ab3d21\" data-element_type=\"column\" data-e-type=\"column\">\n\t\t\t<div class=\"elementor-widget-wrap elementor-element-populated\">\n\t\t\t\t\t\t<div class=\"elementor-element elementor-element-f711baa elementor-widget elementor-widget-image\" data-id=\"f711baa\" data-element_type=\"widget\" data-e-type=\"widget\" data-widget_type=\"image.default\">\n\t\t\t\t<div class=\"elementor-widget-container\">\n\t\t\t\t\t\t\t\t\t\t\t\t\t\t\t<img decoding=\"async\" src=\"https:\/\/vignobles-masse.com\/wp-content\/uploads\/elementor\/thumbs\/ogo_ecophyto-opqxsycnyscpb9iojdedzfr9slou9nn5bfxmfwwki8.png\" title=\"Eco phyto logo\" alt=\"Logo Eco phyto\" loading=\"lazy\" \/>\t\t\t\t\t\t\t\t\t\t\t\t\t\t\t<\/div>\n\t\t\t\t<\/div>\n\t\t\t\t\t<\/div>\n\t\t<\/div>\n\t\t\t\t<div class=\"elementor-column elementor-col-33 elementor-inner-column elementor-element elementor-element-7523d6e\" data-id=\"7523d6e\" data-element_type=\"column\" data-e-type=\"column\">\n\t\t\t<div class=\"elementor-widget-wrap elementor-element-populated\">\n\t\t\t\t\t\t<div class=\"elementor-element elementor-element-c0a016f elementor-widget elementor-widget-spacer\" data-id=\"c0a016f\" data-element_type=\"widget\" data-e-type=\"widget\" data-widget_type=\"spacer.default\">\n\t\t\t\t<div class=\"elementor-widget-container\">\n\t\t\t\t\t\t\t<div class=\"elementor-spacer\">\n\t\t\t<div class=\"elementor-spacer-inner\"><\/div>\n\t\t<\/div>\n\t\t\t\t\t\t<\/div>\n\t\t\t\t<\/div>\n\t\t\t\t<div class=\"elementor-element elementor-element-80fd9b5 elementor-widget elementor-widget-image\" data-id=\"80fd9b5\" data-element_type=\"widget\" data-e-type=\"widget\" data-widget_type=\"image.default\">\n\t\t\t\t<div class=\"elementor-widget-container\">\n\t\t\t\t\t\t\t\t\t\t\t\t\t\t\t<img fetchpriority=\"high\" decoding=\"async\" width=\"1136\" height=\"466\" src=\"https:\/\/vignobles-masse.com\/wp-content\/uploads\/2020\/05\/logo-SME-3.jpg\" class=\"attachment-2048x2048 size-2048x2048 wp-image-857\" alt=\"Logo SME\" srcset=\"https:\/\/vignobles-masse.com\/wp-content\/uploads\/2020\/05\/logo-SME-3.jpg 1136w, https:\/\/vignobles-masse.com\/wp-content\/uploads\/2020\/05\/logo-SME-3-300x123.jpg 300w, https:\/\/vignobles-masse.com\/wp-content\/uploads\/2020\/05\/logo-SME-3-1024x420.jpg 1024w, https:\/\/vignobles-masse.com\/wp-content\/uploads\/2020\/05\/logo-SME-3-768x315.jpg 768w\" sizes=\"(max-width: 1136px) 100vw, 1136px\" \/>\t\t\t\t\t\t\t\t\t\t\t\t\t\t\t<\/div>\n\t\t\t\t<\/div>\n\t\t\t\t<div class=\"elementor-element elementor-element-41be89f elementor-widget elementor-widget-spacer\" data-id=\"41be89f\" data-element_type=\"widget\" data-e-type=\"widget\" data-widget_type=\"spacer.default\">\n\t\t\t\t<div class=\"elementor-widget-container\">\n\t\t\t\t\t\t\t<div class=\"elementor-spacer\">\n\t\t\t<div class=\"elementor-spacer-inner\"><\/div>\n\t\t<\/div>\n\t\t\t\t\t\t<\/div>\n\t\t\t\t<\/div>\n\t\t\t\t\t<\/div>\n\t\t<\/div>\n\t\t\t\t<div class=\"elementor-column elementor-col-33 elementor-inner-column elementor-element elementor-element-ab666cf\" data-id=\"ab666cf\" data-element_type=\"column\" data-e-type=\"column\">\n\t\t\t<div class=\"elementor-widget-wrap elementor-element-populated\">\n\t\t\t\t\t\t<div class=\"elementor-element elementor-element-46802ab elementor-widget elementor-widget-image\" data-id=\"46802ab\" data-element_type=\"widget\" data-e-type=\"widget\" data-widget_type=\"image.default\">\n\t\t\t\t<div class=\"elementor-widget-container\">\n\t\t\t\t\t\t\t\t\t\t\t\t\t\t\t<img decoding=\"async\" src=\"https:\/\/vignobles-masse.com\/wp-content\/uploads\/elementor\/thumbs\/hve-opqxrb4rkijwp09szhfgyeoj2c9v0zmzioncylfvf4.png\" title=\"High environmental value logo\" alt=\"Logo haute valeur environnementale\" loading=\"lazy\" \/>\t\t\t\t\t\t\t\t\t\t\t\t\t\t\t<\/div>\n\t\t\t\t<\/div>\n\t\t\t\t\t<\/div>\n\t\t<\/div>\n\t\t\t\t\t<\/div>\n\t\t<\/section>\n\t\t\t\t<div class=\"elementor-element elementor-element-bc9e7b3 elementor-widget elementor-widget-spacer\" data-id=\"bc9e7b3\" data-element_type=\"widget\" data-e-type=\"widget\" data-widget_type=\"spacer.default\">\n\t\t\t\t<div class=\"elementor-widget-container\">\n\t\t\t\t\t\t\t<div class=\"elementor-spacer\">\n\t\t\t<div class=\"elementor-spacer-inner\"><\/div>\n\t\t<\/div>\n\t\t\t\t\t\t<\/div>\n\t\t\t\t<\/div>\n\t\t\t\t<div class=\"elementor-element elementor-element-3205218 elementor-widget elementor-widget-text-editor\" data-id=\"3205218\" data-element_type=\"widget\" data-e-type=\"widget\" data-widget_type=\"text-editor.default\">\n\t\t\t\t<div class=\"elementor-widget-container\">\n\t\t\t\t\t\t\t\t\t<p>The establishment of untreated control rows on each of our properties has, for example, allowed us to better understand the development of diseases and reduce the application rates of phytosanitary products.<\/p>\n<p>This optimization work has allowed us to reduce the use of crop protection products by an average of 40% over the years.<\/p>\n<p>Since 2016, we have been part of the 1<sup>time<\/sup> association for the <b>Bordeaux Environmental Management System (EMS)<\/b>. <br>The EMS is a collective environmental approach that brings together the men and women of the Bordeaux wine sector around values and good practices. <br>Our mission is to preserve our environment while keeping at the center of our concerns the life of our companies, our employees and societal expectations.<\/p>\n<p>To validate and continue to advance in this sustainable development approach, we have obtained certification High Environmental Value in 2019. <b>High Environmental Value in 2019.<\/b><\/p>\t\t\t\t\t\t\t\t<\/div>\n\t\t\t\t<\/div>\n\t\t\t\t<div class=\"elementor-element elementor-element-3676805 elementor-widget elementor-widget-gallery\" data-id=\"3676805\" data-element_type=\"widget\" data-e-type=\"widget\" data-widget_type=\"gallery.default\">\n\t\t\t\t<div class=\"elementor-widget-container\">\n\t\t\t\t\t \t\t\t\t<\/div>\n\t\t\t\t<\/div>\n\t\t\t\t\t<\/div>\n\t\t<\/div>\n\t\t\t\t\t<\/div>\n\t\t<\/section>\n\t\t\t\t<\/div>","protected":false},"excerpt":{"rendered":"<p>Un engagement, le respect de l&rsquo;environnement Faire de l\u2019environnement un axe de d\u00e9veloppement Depuis 2010, nous faisons partie du r\u00e9seau FERME DEPHY. Cr\u00e9\u00e9 \u00e0 la suite du Grenelle de l\u2019environnement, ce r\u00e9seau comporte plus de 3000 exploitations agricoles (viticoles et grandes cultures) d\u00e9sireuses de s\u2019engager dans une d\u00e9marche de r\u00e9duction de l\u2019usage des produits phytosanitaires.\u00a0 [&hellip;]<\/p>\n","protected":false},"author":1,"featured_media":0,"parent":0,"menu_order":0,"comment_status":"closed","ping_status":"closed","template":"","meta":{"_monsterinsights_skip_tracking":false,"_monsterinsights_sitenote_active":false,"_monsterinsights_sitenote_note":"","_monsterinsights_sitenote_category":0,"site-sidebar-layout":"no-sidebar","site-content-layout":"page-builder","ast-site-content-layout":"default","site-content-style":"default","site-sidebar-style":"default","ast-global-header-display":"","ast-banner-title-visibility":"","ast-main-header-display":"","ast-hfb-above-header-display":"","ast-hfb-below-header-display":"","ast-hfb-mobile-header-display":"","site-post-title":"disabled","ast-breadcrumbs-content":"","ast-featured-img":"disabled","footer-sml-layout":"","ast-disable-related-posts":"","theme-transparent-header-meta":"enabled","adv-header-id-meta":"","stick-header-meta":"","header-above-stick-meta":"","header-main-stick-meta":"","header-below-stick-meta":"","astra-migrate-meta-layouts":"default","ast-page-background-enabled":"default","ast-page-background-meta":{"desktop":{"background-color":"var(--ast-global-color-4)","background-image":"","background-repeat":"repeat","background-position":"center center","background-size":"auto","background-attachment":"scroll","background-type":"","background-media":"","overlay-type":"","overlay-color":"","overlay-opacity":"","overlay-gradient":""},"tablet":{"background-color":"","background-image":"","background-repeat":"repeat","background-position":"center center","background-size":"auto","background-attachment":"scroll","background-type":"","background-media":"","overlay-type":"","overlay-color":"","overlay-opacity":"","overlay-gradient":""},"mobile":{"background-color":"","background-image":"","background-repeat":"repeat","background-position":"center center","background-size":"auto","background-attachment":"scroll","background-type":"","background-media":"","overlay-type":"","overlay-color":"","overlay-opacity":"","overlay-gradient":""}},"ast-content-background-meta":{"desktop":{"background-color":"var(--ast-global-color-5)","background-image":"","background-repeat":"repeat","background-position":"center center","background-size":"auto","background-attachment":"scroll","background-type":"","background-media":"","overlay-type":"","overlay-color":"","overlay-opacity":"","overlay-gradient":""},"tablet":{"background-color":"var(--ast-global-color-5)","background-image":"","background-repeat":"repeat","background-position":"center center","background-size":"auto","background-attachment":"scroll","background-type":"","background-media":"","overlay-type":"","overlay-color":"","overlay-opacity":"","overlay-gradient":""},"mobile":{"background-color":"var(--ast-global-color-5)","background-image":"","background-repeat":"repeat","background-position":"center center","background-size":"auto","background-attachment":"scroll","background-type":"","background-media":"","overlay-type":"","overlay-color":"","overlay-opacity":"","overlay-gradient":""}},"footnotes":""},"class_list":["post-66","page","type-page","status-publish","hentry"],"yoast_head":"<!-- This site is optimized with the Yoast SEO plugin v27.1.1 - https:\/\/yoast.com\/product\/yoast-seo-wordpress\/ -->\n<title>Engagements -<\/title>\n<meta name=\"robots\" content=\"index, follow, max-snippet:-1, max-image-preview:large, max-video-preview:-1\" \/>\n<link rel=\"canonical\" href=\"https:\/\/vignobles-masse.com\/en\/engagements\/\" \/>\n<meta property=\"og:locale\" content=\"en_GB\" \/>\n<meta property=\"og:type\" content=\"article\" \/>\n<meta property=\"og:title\" content=\"Engagements -\" \/>\n<meta property=\"og:description\" content=\"Un engagement, le respect de l&rsquo;environnement Faire de l\u2019environnement un axe de d\u00e9veloppement Depuis 2010, nous faisons partie du r\u00e9seau FERME DEPHY. Cr\u00e9\u00e9 \u00e0 la suite du Grenelle de l\u2019environnement, ce r\u00e9seau comporte plus de 3000 exploitations agricoles (viticoles et grandes cultures) d\u00e9sireuses de s\u2019engager dans une d\u00e9marche de r\u00e9duction de l\u2019usage des produits phytosanitaires.\u00a0 [&hellip;]\" \/>\n<meta property=\"og:url\" content=\"https:\/\/vignobles-masse.com\/en\/engagements\/\" \/>\n<meta property=\"article:modified_time\" content=\"2020-05-19T10:15:19+00:00\" \/>\n<meta property=\"og:image\" content=\"https:\/\/vignobles-masse.com\/wp-content\/uploads\/elementor\/thumbs\/ogo_ecophyto-onf2i5ixdrd4ycs4ty2skowwxyizs1tgu4n8adrowg.png\" \/>\n<meta name=\"twitter:card\" content=\"summary_large_image\" \/>\n<meta name=\"twitter:label1\" content=\"Estimated reading time\" \/>\n\t<meta name=\"twitter:data1\" content=\"1 minute\" \/>\n<script type=\"application\/ld+json\" class=\"yoast-schema-graph\">{\"@context\":\"https:\/\/schema.org\",\"@graph\":[{\"@type\":\"WebPage\",\"@id\":\"https:\/\/vignobles-masse.com\/engagements\/\",\"url\":\"https:\/\/vignobles-masse.com\/engagements\/\",\"name\":\"Engagements -\",\"isPartOf\":{\"@id\":\"https:\/\/vignobles-masse.com\/#website\"},\"primaryImageOfPage\":{\"@id\":\"https:\/\/vignobles-masse.com\/engagements\/#primaryimage\"},\"image\":{\"@id\":\"https:\/\/vignobles-masse.com\/engagements\/#primaryimage\"},\"thumbnailUrl\":\"https:\/\/vignobles-masse.com\/wp-content\/uploads\/elementor\/thumbs\/ogo_ecophyto-onf2i5ixdrd4ycs4ty2skowwxyizs1tgu4n8adrowg.png\",\"datePublished\":\"2018-11-27T09:17:42+00:00\",\"dateModified\":\"2020-05-19T10:15:19+00:00\",\"breadcrumb\":{\"@id\":\"https:\/\/vignobles-masse.com\/engagements\/#breadcrumb\"},\"inLanguage\":\"en-GB\",\"potentialAction\":[{\"@type\":\"ReadAction\",\"target\":[\"https:\/\/vignobles-masse.com\/engagements\/\"]}]},{\"@type\":\"ImageObject\",\"inLanguage\":\"en-GB\",\"@id\":\"https:\/\/vignobles-masse.com\/engagements\/#primaryimage\",\"url\":\"https:\/\/vignobles-masse.com\/wp-content\/uploads\/elementor\/thumbs\/ogo_ecophyto-onf2i5ixdrd4ycs4ty2skowwxyizs1tgu4n8adrowg.png\",\"contentUrl\":\"https:\/\/vignobles-masse.com\/wp-content\/uploads\/elementor\/thumbs\/ogo_ecophyto-onf2i5ixdrd4ycs4ty2skowwxyizs1tgu4n8adrowg.png\"},{\"@type\":\"BreadcrumbList\",\"@id\":\"https:\/\/vignobles-masse.com\/engagements\/#breadcrumb\",\"itemListElement\":[{\"@type\":\"ListItem\",\"position\":1,\"name\":\"Accueil\",\"item\":\"https:\/\/vignobles-masse.com\/\"},{\"@type\":\"ListItem\",\"position\":2,\"name\":\"Engagements\"}]},{\"@type\":\"WebSite\",\"@id\":\"https:\/\/vignobles-masse.com\/#website\",\"url\":\"https:\/\/vignobles-masse.com\/\",\"name\":\"\",\"description\":\"Vignobles Mass\u00e9, producteurs de vin de Bordeaux\",\"potentialAction\":[{\"@type\":\"SearchAction\",\"target\":{\"@type\":\"EntryPoint\",\"urlTemplate\":\"https:\/\/vignobles-masse.com\/?s={search_term_string}\"},\"query-input\":{\"@type\":\"PropertyValueSpecification\",\"valueRequired\":true,\"valueName\":\"search_term_string\"}}],\"inLanguage\":\"en-GB\"}]}<\/script>\n<!-- \/ Yoast SEO plugin. -->","yoast_head_json":{"title":"Engagements -","robots":{"index":"index","follow":"follow","max-snippet":"max-snippet:-1","max-image-preview":"max-image-preview:large","max-video-preview":"max-video-preview:-1"},"canonical":"https:\/\/vignobles-masse.com\/en\/engagements\/","og_locale":"en_GB","og_type":"article","og_title":"Engagements -","og_description":"Un engagement, le respect de l&rsquo;environnement Faire de l\u2019environnement un axe de d\u00e9veloppement Depuis 2010, nous faisons partie du r\u00e9seau FERME DEPHY. Cr\u00e9\u00e9 \u00e0 la suite du Grenelle de l\u2019environnement, ce r\u00e9seau comporte plus de 3000 exploitations agricoles (viticoles et grandes cultures) d\u00e9sireuses de s\u2019engager dans une d\u00e9marche de r\u00e9duction de l\u2019usage des produits phytosanitaires.\u00a0 [&hellip;]","og_url":"https:\/\/vignobles-masse.com\/en\/engagements\/","article_modified_time":"2020-05-19T10:15:19+00:00","og_image":[{"url":"https:\/\/vignobles-masse.com\/wp-content\/uploads\/elementor\/thumbs\/ogo_ecophyto-onf2i5ixdrd4ycs4ty2skowwxyizs1tgu4n8adrowg.png","type":"","width":"","height":""}],"twitter_card":"summary_large_image","twitter_misc":{"Estimated reading time":"1 minute"},"schema":{"@context":"https:\/\/schema.org","@graph":[{"@type":"WebPage","@id":"https:\/\/vignobles-masse.com\/engagements\/","url":"https:\/\/vignobles-masse.com\/engagements\/","name":"Engagements -","isPartOf":{"@id":"https:\/\/vignobles-masse.com\/#website"},"primaryImageOfPage":{"@id":"https:\/\/vignobles-masse.com\/engagements\/#primaryimage"},"image":{"@id":"https:\/\/vignobles-masse.com\/engagements\/#primaryimage"},"thumbnailUrl":"https:\/\/vignobles-masse.com\/wp-content\/uploads\/elementor\/thumbs\/ogo_ecophyto-onf2i5ixdrd4ycs4ty2skowwxyizs1tgu4n8adrowg.png","datePublished":"2018-11-27T09:17:42+00:00","dateModified":"2020-05-19T10:15:19+00:00","breadcrumb":{"@id":"https:\/\/vignobles-masse.com\/engagements\/#breadcrumb"},"inLanguage":"en-GB","potentialAction":[{"@type":"ReadAction","target":["https:\/\/vignobles-masse.com\/engagements\/"]}]},{"@type":"ImageObject","inLanguage":"en-GB","@id":"https:\/\/vignobles-masse.com\/engagements\/#primaryimage","url":"https:\/\/vignobles-masse.com\/wp-content\/uploads\/elementor\/thumbs\/ogo_ecophyto-onf2i5ixdrd4ycs4ty2skowwxyizs1tgu4n8adrowg.png","contentUrl":"https:\/\/vignobles-masse.com\/wp-content\/uploads\/elementor\/thumbs\/ogo_ecophyto-onf2i5ixdrd4ycs4ty2skowwxyizs1tgu4n8adrowg.png"},{"@type":"BreadcrumbList","@id":"https:\/\/vignobles-masse.com\/engagements\/#breadcrumb","itemListElement":[{"@type":"ListItem","position":1,"name":"Accueil","item":"https:\/\/vignobles-masse.com\/"},{"@type":"ListItem","position":2,"name":"Engagements"}]},{"@type":"WebSite","@id":"https:\/\/vignobles-masse.com\/#website","url":"https:\/\/vignobles-masse.com\/","name":"","description":"Vineyards Mass\u00e9, producers of Bordeaux wine","potentialAction":[{"@type":"SearchAction","target":{"@type":"EntryPoint","urlTemplate":"https:\/\/vignobles-masse.com\/?s={search_term_string}"},"query-input":{"@type":"PropertyValueSpecification","valueRequired":true,"valueName":"search_term_string"}}],"inLanguage":"en-GB"}]}},"_links":{"self":[{"href":"https:\/\/vignobles-masse.com\/en\/wp-json\/wp\/v2\/pages\/66","targetHints":{"allow":["GET"]}}],"collection":[{"href":"https:\/\/vignobles-masse.com\/en\/wp-json\/wp\/v2\/pages"}],"about":[{"href":"https:\/\/vignobles-masse.com\/en\/wp-json\/wp\/v2\/types\/page"}],"author":[{"embeddable":true,"href":"https:\/\/vignobles-masse.com\/en\/wp-json\/wp\/v2\/users\/1"}],"replies":[{"embeddable":true,"href":"https:\/\/vignobles-masse.com\/en\/wp-json\/wp\/v2\/comments?post=66"}],"version-history":[{"count":24,"href":"https:\/\/vignobles-masse.com\/en\/wp-json\/wp\/v2\/pages\/66\/revisions"}],"predecessor-version":[{"id":1100,"href":"https:\/\/vignobles-masse.com\/en\/wp-json\/wp\/v2\/pages\/66\/revisions\/1100"}],"wp:attachment":[{"href":"https:\/\/vignobles-masse.com\/en\/wp-json\/wp\/v2\/media?parent=66"}],"curies":[{"name":"wp","href":"https:\/\/api.w.org\/{rel}","templated":true}]}}