{"id":888,"date":"2020-05-07T12:46:46","date_gmt":"2020-05-07T10:46:46","guid":{"rendered":"https:\/\/vignobles-masse.com\/?page_id=888"},"modified":"2020-05-11T11:39:33","modified_gmt":"2020-05-11T09:39:33","slug":"nos-autres-vins","status":"publish","type":"page","link":"https:\/\/vignobles-masse.com\/en\/nos-autres-vins\/","title":{"rendered":"Our other wines"},"content":{"rendered":"<div data-elementor-type=\"wp-page\" data-elementor-id=\"888\" class=\"elementor elementor-888\">\n\t\t\t\t\t\t<section class=\"elementor-section elementor-top-section elementor-element elementor-element-24cc4c7 elementor-section-boxed elementor-section-height-default elementor-section-height-default\" data-id=\"24cc4c7\" data-element_type=\"section\" data-e-type=\"section\" data-settings=\"{&quot;background_background&quot;:&quot;classic&quot;}\">\n\t\t\t\t\t\t\t<div class=\"elementor-background-overlay\"><\/div>\n\t\t\t\t\t\t\t<div class=\"elementor-container elementor-column-gap-default\">\n\t\t\t\t\t<div class=\"elementor-column elementor-col-100 elementor-top-column elementor-element elementor-element-ece32d2\" data-id=\"ece32d2\" data-element_type=\"column\" data-e-type=\"column\">\n\t\t\t<div class=\"elementor-widget-wrap elementor-element-populated\">\n\t\t\t\t\t\t<div class=\"elementor-element elementor-element-d9f5da5 elementor-widget elementor-widget-spacer\" data-id=\"d9f5da5\" data-element_type=\"widget\" data-e-type=\"widget\" data-widget_type=\"spacer.default\">\n\t\t\t\t<div class=\"elementor-widget-container\">\n\t\t\t\t\t\t\t<div class=\"elementor-spacer\">\n\t\t\t<div class=\"elementor-spacer-inner\"><\/div>\n\t\t<\/div>\n\t\t\t\t\t\t<\/div>\n\t\t\t\t<\/div>\n\t\t\t\t\t<\/div>\n\t\t<\/div>\n\t\t\t\t\t<\/div>\n\t\t<\/section>\n\t\t\t\t<section class=\"elementor-section elementor-top-section elementor-element elementor-element-5fb3d3f elementor-section-boxed elementor-section-height-default elementor-section-height-default\" data-id=\"5fb3d3f\" data-element_type=\"section\" data-e-type=\"section\" data-settings=\"{&quot;background_background&quot;:&quot;classic&quot;}\">\n\t\t\t\t\t\t<div class=\"elementor-container elementor-column-gap-wider\">\n\t\t\t\t\t<div class=\"elementor-column elementor-col-100 elementor-top-column elementor-element elementor-element-387159d\" data-id=\"387159d\" data-element_type=\"column\" data-e-type=\"column\">\n\t\t\t<div class=\"elementor-widget-wrap elementor-element-populated\">\n\t\t\t\t\t\t<section class=\"elementor-section elementor-inner-section elementor-element elementor-element-09e713a elementor-section-boxed elementor-section-height-default elementor-section-height-default\" data-id=\"09e713a\" data-element_type=\"section\" data-e-type=\"section\">\n\t\t\t\t\t\t<div class=\"elementor-container elementor-column-gap-default\">\n\t\t\t\t\t<div class=\"elementor-column elementor-col-33 elementor-inner-column elementor-element elementor-element-94a2554\" data-id=\"94a2554\" data-element_type=\"column\" data-e-type=\"column\">\n\t\t\t<div class=\"elementor-widget-wrap\">\n\t\t\t\t\t\t\t<\/div>\n\t\t<\/div>\n\t\t\t\t<div class=\"elementor-column elementor-col-33 elementor-inner-column elementor-element elementor-element-3856561\" data-id=\"3856561\" data-element_type=\"column\" data-e-type=\"column\">\n\t\t\t<div class=\"elementor-widget-wrap elementor-element-populated\">\n\t\t\t\t\t\t<div class=\"elementor-element elementor-element-897605d elementor-widget elementor-widget-heading\" data-id=\"897605d\" data-element_type=\"widget\" data-e-type=\"widget\" data-widget_type=\"heading.default\">\n\t\t\t\t<div class=\"elementor-widget-container\">\n\t\t\t\t\t<h2 class=\"elementor-heading-title elementor-size-default\">OUR OTHER WINES<\/h2>\t\t\t\t<\/div>\n\t\t\t\t<\/div>\n\t\t\t\t\t<\/div>\n\t\t<\/div>\n\t\t\t\t<div class=\"elementor-column elementor-col-33 elementor-inner-column elementor-element elementor-element-f5e322b\" data-id=\"f5e322b\" data-element_type=\"column\" data-e-type=\"column\">\n\t\t\t<div class=\"elementor-widget-wrap\">\n\t\t\t\t\t\t\t<\/div>\n\t\t<\/div>\n\t\t\t\t\t<\/div>\n\t\t<\/section>\n\t\t\t\t<div class=\"elementor-element elementor-element-cc7fa96 elementor-widget-divider--view-line elementor-widget elementor-widget-divider\" data-id=\"cc7fa96\" data-element_type=\"widget\" data-e-type=\"widget\" data-widget_type=\"divider.default\">\n\t\t\t\t<div class=\"elementor-widget-container\">\n\t\t\t\t\t\t\t<div class=\"elementor-divider\">\n\t\t\t<span class=\"elementor-divider-separator\">\n\t\t\t\t\t\t<\/span>\n\t\t<\/div>\n\t\t\t\t\t\t<\/div>\n\t\t\t\t<\/div>\n\t\t\t\t<section class=\"elementor-section elementor-inner-section elementor-element elementor-element-745ca82 elementor-section-full_width elementor-section-height-default elementor-section-height-default\" data-id=\"745ca82\" data-element_type=\"section\" data-e-type=\"section\">\n\t\t\t\t\t\t<div class=\"elementor-container elementor-column-gap-wider\">\n\t\t\t\t\t<div class=\"elementor-column elementor-col-50 elementor-inner-column elementor-element elementor-element-c25acb1\" data-id=\"c25acb1\" data-element_type=\"column\" data-e-type=\"column\">\n\t\t\t<div class=\"elementor-widget-wrap elementor-element-populated\">\n\t\t\t\t\t\t<div class=\"elementor-element elementor-element-b2e98ce elementor-widget elementor-widget-image\" data-id=\"b2e98ce\" data-element_type=\"widget\" data-e-type=\"widget\" data-widget_type=\"image.default\">\n\t\t\t\t<div class=\"elementor-widget-container\">\n\t\t\t\t\t\t\t\t\t\t\t\t\t\t\t<img fetchpriority=\"high\" decoding=\"async\" width=\"1024\" height=\"994\" src=\"https:\/\/vignobles-masse.com\/wp-content\/uploads\/2020\/05\/visuel-chateau-Bern\u00e8s-1024x994.png\" class=\"attachment-large size-large wp-image-889\" alt=\"Gamme du Chateau Bern\u00e8s\" srcset=\"https:\/\/vignobles-masse.com\/wp-content\/uploads\/2020\/05\/visuel-chateau-Bern\u00e8s-1024x994.png 1024w, https:\/\/vignobles-masse.com\/wp-content\/uploads\/2020\/05\/visuel-chateau-Bern\u00e8s-300x291.png 300w, https:\/\/vignobles-masse.com\/wp-content\/uploads\/2020\/05\/visuel-chateau-Bern\u00e8s-768x746.png 768w, https:\/\/vignobles-masse.com\/wp-content\/uploads\/2020\/05\/visuel-chateau-Bern\u00e8s-1536x1491.png 1536w, https:\/\/vignobles-masse.com\/wp-content\/uploads\/2020\/05\/visuel-chateau-Bern\u00e8s-2048x1989.png 2048w\" sizes=\"(max-width: 1024px) 100vw, 1024px\" \/>\t\t\t\t\t\t\t\t\t\t\t\t\t\t\t<\/div>\n\t\t\t\t<\/div>\n\t\t\t\t\t<\/div>\n\t\t<\/div>\n\t\t\t\t<div class=\"elementor-column elementor-col-50 elementor-inner-column elementor-element elementor-element-8c6d2e7\" data-id=\"8c6d2e7\" data-element_type=\"column\" data-e-type=\"column\">\n\t\t\t<div class=\"elementor-widget-wrap elementor-element-populated\">\n\t\t\t\t\t\t<div class=\"elementor-element elementor-element-8740020 elementor-widget elementor-widget-heading\" data-id=\"8740020\" data-element_type=\"widget\" data-e-type=\"widget\" data-widget_type=\"heading.default\">\n\t\t\t\t<div class=\"elementor-widget-container\">\n\t\t\t\t\t<h2 class=\"elementor-heading-title elementor-size-default\">CHATEAU Bernes<\/h2>\t\t\t\t<\/div>\n\t\t\t\t<\/div>\n\t\t\t\t<div class=\"elementor-element elementor-element-8b3fb2c elementor-widget elementor-widget-heading\" data-id=\"8b3fb2c\" data-element_type=\"widget\" data-e-type=\"widget\" data-widget_type=\"heading.default\">\n\t\t\t\t<div class=\"elementor-widget-container\">\n\t\t\t\t\t<h2 class=\"elementor-heading-title elementor-size-default\">Bordeaux<\/h2>\t\t\t\t<\/div>\n\t\t\t\t<\/div>\n\t\t\t\t<div class=\"elementor-element elementor-element-e420ace elementor-widget elementor-widget-text-editor\" data-id=\"e420ace\" data-element_type=\"widget\" data-e-type=\"widget\" data-widget_type=\"text-editor.default\">\n\t\t\t\t<div class=\"elementor-widget-container\">\n\t\t\t\t\t\t\t\t\t<p>From a selection of our plots, Ch\u00e2teau Bern\u00e8s is a wine exclusively distributed by our wine merchant partners.<\/p>\n<p>Available in red and white wine, it is a young, supple and fruity wine. <br>Its red blend is made up of Merlot, Cabernet Franc and Cabernet Sauvignon. <br><br>Ch\u00e2teau Bern\u00e8s is a wine with a sustained color that presents ruby reflections. The aroma is dominated by fruity notes; the mouth is delicious and juicy. <br>You will be seduced by its roundness and freshness. No need to wait for its aging to taste this traditional Bordeaux.<\/p>\n<p><\/p>\n<p>The white wine is mainly composed of Sauvignon Blanc, its robe is pale and very shiny, the aroma is intense, there are notes of flowers and citrus; on the palate, the attack is frank, fruity, slightly tart.<\/p>\n<p><\/p>\n<p>You can find Ch\u00e2teau Bern\u00e8s red in bottles, half-bottles, magnum and Bag In Box (5L and 10L). \nWhite is only available in bottles. <br>White is only available in bottle.<\/p>\t\t\t\t\t\t\t\t<\/div>\n\t\t\t\t<\/div>\n\t\t\t\t\t<\/div>\n\t\t<\/div>\n\t\t\t\t\t<\/div>\n\t\t<\/section>\n\t\t\t\t\t<\/div>\n\t\t<\/div>\n\t\t\t\t\t<\/div>\n\t\t<\/section>\n\t\t\t\t<\/div>","protected":false},"excerpt":{"rendered":"<p>NOS AUTRES VINS Ch\u00c2teau bern\u00c8s Bordeaux Issu d\u2019une s\u00e9lection de nos parcelles, le Ch\u00e2teau Bern\u00e8s est un vin exclusivement distribu\u00e9 par nos partenaires cavistes. D\u00e9clin\u00e9 en vin rouge et blanc c\u2019est un vin jeune, souple, et fruit\u00e9. Son assemblage en rouge est compos\u00e9 de Merlot, Cabernet Franc et Cabernet Sauvignon. Le Ch\u00e2teau Bern\u00e8s est un [&hellip;]<\/p>\n","protected":false},"author":1,"featured_media":0,"parent":0,"menu_order":0,"comment_status":"closed","ping_status":"closed","template":"","meta":{"_monsterinsights_skip_tracking":false,"_monsterinsights_sitenote_active":false,"_monsterinsights_sitenote_note":"","_monsterinsights_sitenote_category":0,"site-sidebar-layout":"no-sidebar","site-content-layout":"page-builder","ast-site-content-layout":"default","site-content-style":"default","site-sidebar-style":"default","ast-global-header-display":"","ast-banner-title-visibility":"","ast-main-header-display":"","ast-hfb-above-header-display":"","ast-hfb-below-header-display":"","ast-hfb-mobile-header-display":"","site-post-title":"disabled","ast-breadcrumbs-content":"","ast-featured-img":"disabled","footer-sml-layout":"","ast-disable-related-posts":"","theme-transparent-header-meta":"","adv-header-id-meta":"","stick-header-meta":"","header-above-stick-meta":"","header-main-stick-meta":"","header-below-stick-meta":"","astra-migrate-meta-layouts":"default","ast-page-background-enabled":"default","ast-page-background-meta":{"desktop":{"background-color":"var(--ast-global-color-4)","background-image":"","background-repeat":"repeat","background-position":"center center","background-size":"auto","background-attachment":"scroll","background-type":"","background-media":"","overlay-type":"","overlay-color":"","overlay-opacity":"","overlay-gradient":""},"tablet":{"background-color":"","background-image":"","background-repeat":"repeat","background-position":"center center","background-size":"auto","background-attachment":"scroll","background-type":"","background-media":"","overlay-type":"","overlay-color":"","overlay-opacity":"","overlay-gradient":""},"mobile":{"background-color":"","background-image":"","background-repeat":"repeat","background-position":"center center","background-size":"auto","background-attachment":"scroll","background-type":"","background-media":"","overlay-type":"","overlay-color":"","overlay-opacity":"","overlay-gradient":""}},"ast-content-background-meta":{"desktop":{"background-color":"var(--ast-global-color-5)","background-image":"","background-repeat":"repeat","background-position":"center center","background-size":"auto","background-attachment":"scroll","background-type":"","background-media":"","overlay-type":"","overlay-color":"","overlay-opacity":"","overlay-gradient":""},"tablet":{"background-color":"var(--ast-global-color-5)","background-image":"","background-repeat":"repeat","background-position":"center center","background-size":"auto","background-attachment":"scroll","background-type":"","background-media":"","overlay-type":"","overlay-color":"","overlay-opacity":"","overlay-gradient":""},"mobile":{"background-color":"var(--ast-global-color-5)","background-image":"","background-repeat":"repeat","background-position":"center center","background-size":"auto","background-attachment":"scroll","background-type":"","background-media":"","overlay-type":"","overlay-color":"","overlay-opacity":"","overlay-gradient":""}},"footnotes":""},"class_list":["post-888","page","type-page","status-publish","hentry"],"yoast_head":"<!-- This site is optimized with the Yoast SEO plugin v27.1.1 - https:\/\/yoast.com\/product\/yoast-seo-wordpress\/ -->\n<title>Nos autres vins -<\/title>\n<meta name=\"robots\" content=\"index, follow, max-snippet:-1, max-image-preview:large, max-video-preview:-1\" \/>\n<link rel=\"canonical\" href=\"https:\/\/vignobles-masse.com\/en\/nos-autres-vins\/\" \/>\n<meta property=\"og:locale\" content=\"en_GB\" \/>\n<meta property=\"og:type\" content=\"article\" \/>\n<meta property=\"og:title\" content=\"Nos autres vins -\" \/>\n<meta property=\"og:description\" content=\"NOS AUTRES VINS Ch\u00c2teau bern\u00c8s Bordeaux Issu d\u2019une s\u00e9lection de nos parcelles, le Ch\u00e2teau Bern\u00e8s est un vin exclusivement distribu\u00e9 par nos partenaires cavistes. D\u00e9clin\u00e9 en vin rouge et blanc c\u2019est un vin jeune, souple, et fruit\u00e9. Son assemblage en rouge est compos\u00e9 de Merlot, Cabernet Franc et Cabernet Sauvignon. Le Ch\u00e2teau Bern\u00e8s est un [&hellip;]\" \/>\n<meta property=\"og:url\" content=\"https:\/\/vignobles-masse.com\/en\/nos-autres-vins\/\" \/>\n<meta property=\"article:modified_time\" content=\"2020-05-11T09:39:33+00:00\" \/>\n<meta name=\"twitter:card\" content=\"summary_large_image\" \/>\n<meta name=\"twitter:label1\" content=\"Estimated reading time\" \/>\n\t<meta name=\"twitter:data1\" content=\"1 minute\" \/>\n<script type=\"application\/ld+json\" class=\"yoast-schema-graph\">{\"@context\":\"https:\/\/schema.org\",\"@graph\":[{\"@type\":\"WebPage\",\"@id\":\"https:\/\/vignobles-masse.com\/nos-autres-vins\/\",\"url\":\"https:\/\/vignobles-masse.com\/nos-autres-vins\/\",\"name\":\"Nos autres vins -\",\"isPartOf\":{\"@id\":\"https:\/\/vignobles-masse.com\/#website\"},\"datePublished\":\"2020-05-07T10:46:46+00:00\",\"dateModified\":\"2020-05-11T09:39:33+00:00\",\"breadcrumb\":{\"@id\":\"https:\/\/vignobles-masse.com\/nos-autres-vins\/#breadcrumb\"},\"inLanguage\":\"en-GB\",\"potentialAction\":[{\"@type\":\"ReadAction\",\"target\":[\"https:\/\/vignobles-masse.com\/nos-autres-vins\/\"]}]},{\"@type\":\"BreadcrumbList\",\"@id\":\"https:\/\/vignobles-masse.com\/nos-autres-vins\/#breadcrumb\",\"itemListElement\":[{\"@type\":\"ListItem\",\"position\":1,\"name\":\"Accueil\",\"item\":\"https:\/\/vignobles-masse.com\/\"},{\"@type\":\"ListItem\",\"position\":2,\"name\":\"Nos autres vins\"}]},{\"@type\":\"WebSite\",\"@id\":\"https:\/\/vignobles-masse.com\/#website\",\"url\":\"https:\/\/vignobles-masse.com\/\",\"name\":\"\",\"description\":\"Vignobles Mass\u00e9, producteurs de vin de Bordeaux\",\"potentialAction\":[{\"@type\":\"SearchAction\",\"target\":{\"@type\":\"EntryPoint\",\"urlTemplate\":\"https:\/\/vignobles-masse.com\/?s={search_term_string}\"},\"query-input\":{\"@type\":\"PropertyValueSpecification\",\"valueRequired\":true,\"valueName\":\"search_term_string\"}}],\"inLanguage\":\"en-GB\"}]}<\/script>\n<!-- \/ Yoast SEO plugin. -->","yoast_head_json":{"title":"Our other wines -","robots":{"index":"index","follow":"follow","max-snippet":"max-snippet:-1","max-image-preview":"max-image-preview:large","max-video-preview":"max-video-preview:-1"},"canonical":"https:\/\/vignobles-masse.com\/en\/nos-autres-vins\/","og_locale":"en_GB","og_type":"article","og_title":"Nos autres vins -","og_description":"NOS AUTRES VINS Ch\u00c2teau bern\u00c8s Bordeaux Issu d\u2019une s\u00e9lection de nos parcelles, le Ch\u00e2teau Bern\u00e8s est un vin exclusivement distribu\u00e9 par nos partenaires cavistes. D\u00e9clin\u00e9 en vin rouge et blanc c\u2019est un vin jeune, souple, et fruit\u00e9. Son assemblage en rouge est compos\u00e9 de Merlot, Cabernet Franc et Cabernet Sauvignon. Le Ch\u00e2teau Bern\u00e8s est un [&hellip;]","og_url":"https:\/\/vignobles-masse.com\/en\/nos-autres-vins\/","article_modified_time":"2020-05-11T09:39:33+00:00","twitter_card":"summary_large_image","twitter_misc":{"Estimated reading time":"1 minute"},"schema":{"@context":"https:\/\/schema.org","@graph":[{"@type":"WebPage","@id":"https:\/\/vignobles-masse.com\/nos-autres-vins\/","url":"https:\/\/vignobles-masse.com\/nos-autres-vins\/","name":"Our other wines -","isPartOf":{"@id":"https:\/\/vignobles-masse.com\/#website"},"datePublished":"2020-05-07T10:46:46+00:00","dateModified":"2020-05-11T09:39:33+00:00","breadcrumb":{"@id":"https:\/\/vignobles-masse.com\/nos-autres-vins\/#breadcrumb"},"inLanguage":"en-GB","potentialAction":[{"@type":"ReadAction","target":["https:\/\/vignobles-masse.com\/nos-autres-vins\/"]}]},{"@type":"BreadcrumbList","@id":"https:\/\/vignobles-masse.com\/nos-autres-vins\/#breadcrumb","itemListElement":[{"@type":"ListItem","position":1,"name":"Accueil","item":"https:\/\/vignobles-masse.com\/"},{"@type":"ListItem","position":2,"name":"Nos autres vins"}]},{"@type":"WebSite","@id":"https:\/\/vignobles-masse.com\/#website","url":"https:\/\/vignobles-masse.com\/","name":"","description":"Vineyards Mass\u00e9, producers of Bordeaux wine","potentialAction":[{"@type":"SearchAction","target":{"@type":"EntryPoint","urlTemplate":"https:\/\/vignobles-masse.com\/?s={search_term_string}"},"query-input":{"@type":"PropertyValueSpecification","valueRequired":true,"valueName":"search_term_string"}}],"inLanguage":"en-GB"}]}},"_links":{"self":[{"href":"https:\/\/vignobles-masse.com\/en\/wp-json\/wp\/v2\/pages\/888","targetHints":{"allow":["GET"]}}],"collection":[{"href":"https:\/\/vignobles-masse.com\/en\/wp-json\/wp\/v2\/pages"}],"about":[{"href":"https:\/\/vignobles-masse.com\/en\/wp-json\/wp\/v2\/types\/page"}],"author":[{"embeddable":true,"href":"https:\/\/vignobles-masse.com\/en\/wp-json\/wp\/v2\/users\/1"}],"replies":[{"embeddable":true,"href":"https:\/\/vignobles-masse.com\/en\/wp-json\/wp\/v2\/comments?post=888"}],"version-history":[{"count":15,"href":"https:\/\/vignobles-masse.com\/en\/wp-json\/wp\/v2\/pages\/888\/revisions"}],"predecessor-version":[{"id":1063,"href":"https:\/\/vignobles-masse.com\/en\/wp-json\/wp\/v2\/pages\/888\/revisions\/1063"}],"wp:attachment":[{"href":"https:\/\/vignobles-masse.com\/en\/wp-json\/wp\/v2\/media?parent=888"}],"curies":[{"name":"wp","href":"https:\/\/api.w.org\/{rel}","templated":true}]}}